{"id":29440,"date":"2024-02-07T00:51:12","date_gmt":"2024-02-06T23:51:12","guid":{"rendered":"https:\/\/alepposhop.eu\/trockene-malve-1-kg\/"},"modified":"2024-02-07T00:51:12","modified_gmt":"2024-02-06T23:51:12","slug":"trockene-malve-1-kg","status":"publish","type":"product","link":"https:\/\/alepposhop.eu\/de\/trockene-malve-1-kg\/","title":{"rendered":"Trockene Malve 1 kg"},"content":{"rendered":"<p style=\"text-align: center\">Gewicht : 1000 gr<\/p>\n<p style=\"text-align: center\">Getrocknete Molokhia-Bl\u00e4tter f\u00fcr ein k\u00f6stliches Gericht<\/p>\n","protected":false},"excerpt":{"rendered":"<p>Gewicht : 1000 gr Getrocknete Molokhia-Bl\u00e4tter f\u00fcr ein k\u00f6stliches Gericht<\/p>\n","protected":false},"featured_media":13142,"template":"","meta":[],"product_brand":[],"product_cat":[68],"product_tag":[3502,5497,5525,5526],"class_list":{"0":"post-29440","1":"product","2":"type-product","3":"status-publish","4":"has-post-thumbnail","6":"product_cat-lebensmittelversorgung","7":"product_tag-offers-de","8":"product_tag--de","12":"first","13":"outofstock","14":"sold-individually","15":"taxable","16":"shipping-taxable","17":"purchasable","18":"product-type-simple"},"_links":{"self":[{"href":"https:\/\/alepposhop.eu\/de\/wp-json\/wp\/v2\/product\/29440"}],"collection":[{"href":"https:\/\/alepposhop.eu\/de\/wp-json\/wp\/v2\/product"}],"about":[{"href":"https:\/\/alepposhop.eu\/de\/wp-json\/wp\/v2\/types\/product"}],"wp:featuredmedia":[{"embeddable":true,"href":"https:\/\/alepposhop.eu\/de\/wp-json\/wp\/v2\/media\/13142"}],"wp:attachment":[{"href":"https:\/\/alepposhop.eu\/de\/wp-json\/wp\/v2\/media?parent=29440"}],"wp:term":[{"taxonomy":"product_brand","embeddable":true,"href":"https:\/\/alepposhop.eu\/de\/wp-json\/wp\/v2\/product_brand?post=29440"},{"taxonomy":"product_cat","embeddable":true,"href":"https:\/\/alepposhop.eu\/de\/wp-json\/wp\/v2\/product_cat?post=29440"},{"taxonomy":"product_tag","embeddable":true,"href":"https:\/\/alepposhop.eu\/de\/wp-json\/wp\/v2\/product_tag?post=29440"}],"curies":[{"name":"wp","href":"https:\/\/api.w.org\/{rel}","templated":true}]}}