{"id":29451,"date":"2024-02-07T01:33:22","date_gmt":"2024-02-07T00:33:22","guid":{"rendered":"https:\/\/alepposhop.eu\/gruenkern-freekeh-2-kg\/"},"modified":"2024-02-20T00:00:18","modified_gmt":"2024-02-19T23:00:18","slug":"gruenkern-freekeh-2-kg","status":"publish","type":"product","link":"https:\/\/alepposhop.eu\/de\/gruenkern-freekeh-2-kg\/","title":{"rendered":"Gr\u00fcnkern (Freekeh) 2 kg"},"content":{"rendered":"<p style=\"text-align: center\">Gewicht: 2000g<\/p>\n<p style=\"text-align: center\">Freekeh ist Weizen, der geerntet wird, solange er noch gr\u00fcn ist. Aufgrund seiner hohen Luftfeuchtigkeit verbrennt er beim manuellen R\u00f6sten auf Holz normalerweise nicht und erh\u00e4lt so einen rauchigen Geschmack.<\/p>\n","protected":false},"excerpt":{"rendered":"<p>Gewicht: 2000g Freekeh ist Weizen, der geerntet wird, solange er noch gr\u00fcn ist. Aufgrund seiner hohen Luftfeuchtigkeit verbrennt er beim manuellen R\u00f6sten auf Holz normalerweise nicht und erh\u00e4lt so einen rauchigen Geschmack.<\/p>\n","protected":false},"featured_media":6235,"template":"","meta":[],"product_brand":[],"product_cat":[2280],"product_tag":[2228,5496,5515],"class_list":{"0":"post-29451","1":"product","2":"type-product","3":"status-publish","4":"has-post-thumbnail","6":"product_cat-wochentliche-angebote","7":"product_tag-ramadan-de","8":"product_tag--de","9":"product_tag-offer-de","11":"first","12":"outofstock","13":"taxable","14":"shipping-taxable","15":"purchasable","16":"product-type-simple"},"_links":{"self":[{"href":"https:\/\/alepposhop.eu\/de\/wp-json\/wp\/v2\/product\/29451"}],"collection":[{"href":"https:\/\/alepposhop.eu\/de\/wp-json\/wp\/v2\/product"}],"about":[{"href":"https:\/\/alepposhop.eu\/de\/wp-json\/wp\/v2\/types\/product"}],"wp:featuredmedia":[{"embeddable":true,"href":"https:\/\/alepposhop.eu\/de\/wp-json\/wp\/v2\/media\/6235"}],"wp:attachment":[{"href":"https:\/\/alepposhop.eu\/de\/wp-json\/wp\/v2\/media?parent=29451"}],"wp:term":[{"taxonomy":"product_brand","embeddable":true,"href":"https:\/\/alepposhop.eu\/de\/wp-json\/wp\/v2\/product_brand?post=29451"},{"taxonomy":"product_cat","embeddable":true,"href":"https:\/\/alepposhop.eu\/de\/wp-json\/wp\/v2\/product_cat?post=29451"},{"taxonomy":"product_tag","embeddable":true,"href":"https:\/\/alepposhop.eu\/de\/wp-json\/wp\/v2\/product_tag?post=29451"}],"curies":[{"name":"wp","href":"https:\/\/api.w.org\/{rel}","templated":true}]}}