{"id":29777,"date":"2024-02-28T22:13:30","date_gmt":"2024-02-28T21:13:30","guid":{"rendered":"https:\/\/alepposhop.eu\/kabsa-gewuerz-1000-gr\/"},"modified":"2024-12-17T23:54:36","modified_gmt":"2024-12-17T22:54:36","slug":"kabsa-gewuerz-1000-gr","status":"publish","type":"product","link":"https:\/\/alepposhop.eu\/de\/kabsa-gewuerz-1000-gr\/","title":{"rendered":"Kabsa Gew\u00fcrz 1000 gr."},"content":{"rendered":"<p style=\"text-align: center\">g Gewicht: 1000<\/p>\n<p style=\"text-align: center\">Kabsa-Gew\u00fcrze f\u00fcr die Zubereitung des ber\u00fchmten Kabsa-Gerichts in Saudi-Arabien und im Nahen Osten. Es handelt sich um eine Mahlzeit, die haupts\u00e4chlich aus Langkornreis besteht und h\u00e4ufig mit Lamm, Ziegenfleisch oder Huhn sowie Fleisch, Ghee, N\u00fcssen usw. zubereitet wird Rosinen werden dazu gelegt.<\/p>\n","protected":false},"excerpt":{"rendered":"<p>g Gewicht: 1000 Kabsa-Gew\u00fcrze f\u00fcr die Zubereitung des ber\u00fchmten Kabsa-Gerichts in Saudi-Arabien und im Nahen Osten. Es handelt sich um eine Mahlzeit, die haupts\u00e4chlich aus Langkornreis besteht und h\u00e4ufig mit Lamm, Ziegenfleisch oder Huhn sowie Fleisch, Ghee, N\u00fcssen usw. zubereitet wird Rosinen werden dazu gelegt.<\/p>\n","protected":false},"featured_media":6287,"template":"","meta":[],"product_brand":[],"product_cat":[69],"product_tag":[],"class_list":{"0":"post-29777","1":"product","2":"type-product","3":"status-publish","4":"has-post-thumbnail","6":"product_cat-gewurze-und-wurzen","8":"first","9":"instock","10":"taxable","11":"shipping-taxable","12":"purchasable","13":"product-type-simple"},"_links":{"self":[{"href":"https:\/\/alepposhop.eu\/de\/wp-json\/wp\/v2\/product\/29777"}],"collection":[{"href":"https:\/\/alepposhop.eu\/de\/wp-json\/wp\/v2\/product"}],"about":[{"href":"https:\/\/alepposhop.eu\/de\/wp-json\/wp\/v2\/types\/product"}],"wp:featuredmedia":[{"embeddable":true,"href":"https:\/\/alepposhop.eu\/de\/wp-json\/wp\/v2\/media\/6287"}],"wp:attachment":[{"href":"https:\/\/alepposhop.eu\/de\/wp-json\/wp\/v2\/media?parent=29777"}],"wp:term":[{"taxonomy":"product_brand","embeddable":true,"href":"https:\/\/alepposhop.eu\/de\/wp-json\/wp\/v2\/product_brand?post=29777"},{"taxonomy":"product_cat","embeddable":true,"href":"https:\/\/alepposhop.eu\/de\/wp-json\/wp\/v2\/product_cat?post=29777"},{"taxonomy":"product_tag","embeddable":true,"href":"https:\/\/alepposhop.eu\/de\/wp-json\/wp\/v2\/product_tag?post=29777"}],"curies":[{"name":"wp","href":"https:\/\/api.w.org\/{rel}","templated":true}]}}