{"id":29792,"date":"2024-02-28T22:39:41","date_gmt":"2024-02-28T21:39:41","guid":{"rendered":"https:\/\/alepposhop.eu\/sieben-gewuerze-aleppo-gewuerz-1000-g\/"},"modified":"2024-12-18T00:04:36","modified_gmt":"2024-12-17T23:04:36","slug":"sieben-gewuerze-aleppo-gewuerz-1000-g","status":"publish","type":"product","link":"https:\/\/alepposhop.eu\/de\/sieben-gewuerze-aleppo-gewuerz-1000-g\/","title":{"rendered":"Sieben Aleppo Gew\u00fcrze 1000 g"},"content":{"rendered":"<p style=\"text-align: center\">g Gewicht: 1000<\/p>\n<p style=\"text-align: center\">Aleppo-Gew\u00fcrz ist eine Mischung aus sieben Gew\u00fcrzarten mit aromatischen Aromen und kr\u00e4ftigen, unverwechselbaren Aromen. Es wird zum W\u00fcrzen von Fleisch und H\u00fchnchen verwendet, um ihm einen unverwechselbaren Geschmack zu verleihen.<\/p>\n<p>&nbsp;<\/p>\n","protected":false},"excerpt":{"rendered":"<p>g Gewicht: 1000 Aleppo-Gew\u00fcrz ist eine Mischung aus sieben Gew\u00fcrzarten mit aromatischen Aromen und kr\u00e4ftigen, unverwechselbaren Aromen. Es wird zum W\u00fcrzen von Fleisch und H\u00fchnchen verwendet, um ihm einen unverwechselbaren Geschmack zu verleihen. &nbsp;<\/p>\n","protected":false},"featured_media":7679,"template":"","meta":[],"product_brand":[],"product_cat":[69],"product_tag":[],"class_list":{"0":"post-29792","1":"product","2":"type-product","3":"status-publish","4":"has-post-thumbnail","6":"product_cat-gewurze-und-wurzen","8":"first","9":"instock","10":"taxable","11":"shipping-taxable","12":"purchasable","13":"product-type-simple"},"_links":{"self":[{"href":"https:\/\/alepposhop.eu\/de\/wp-json\/wp\/v2\/product\/29792"}],"collection":[{"href":"https:\/\/alepposhop.eu\/de\/wp-json\/wp\/v2\/product"}],"about":[{"href":"https:\/\/alepposhop.eu\/de\/wp-json\/wp\/v2\/types\/product"}],"wp:featuredmedia":[{"embeddable":true,"href":"https:\/\/alepposhop.eu\/de\/wp-json\/wp\/v2\/media\/7679"}],"wp:attachment":[{"href":"https:\/\/alepposhop.eu\/de\/wp-json\/wp\/v2\/media?parent=29792"}],"wp:term":[{"taxonomy":"product_brand","embeddable":true,"href":"https:\/\/alepposhop.eu\/de\/wp-json\/wp\/v2\/product_brand?post=29792"},{"taxonomy":"product_cat","embeddable":true,"href":"https:\/\/alepposhop.eu\/de\/wp-json\/wp\/v2\/product_cat?post=29792"},{"taxonomy":"product_tag","embeddable":true,"href":"https:\/\/alepposhop.eu\/de\/wp-json\/wp\/v2\/product_tag?post=29792"}],"curies":[{"name":"wp","href":"https:\/\/api.w.org\/{rel}","templated":true}]}}