{"id":29798,"date":"2024-02-28T22:58:39","date_gmt":"2024-02-28T21:58:39","guid":{"rendered":"https:\/\/alepposhop.eu\/citronensaeure-1000-gr\/"},"modified":"2024-12-18T00:11:52","modified_gmt":"2024-12-17T23:11:52","slug":"citronensaeure-1000-gr","status":"publish","type":"product","link":"https:\/\/alepposhop.eu\/de\/citronensaeure-1000-gr\/","title":{"rendered":"Zitronens\u00e4ure 1000 gr"},"content":{"rendered":"<p style=\"text-align: center\">g Gewicht: 1000<\/p>\n<p style=\"text-align: center\">Es wird verwendet, um Speisen und Getr\u00e4nken einen s\u00e4uerlichen Geschmack zu verleihen. Es ist au\u00dferdem ein nat\u00fcrliches Konservierungsmittel, kann als Umweltreiniger verwendet werden und wirkt als Antioxidans.<\/p>\n","protected":false},"excerpt":{"rendered":"<p>g Gewicht: 1000 Es wird verwendet, um Speisen und Getr\u00e4nken einen s\u00e4uerlichen Geschmack zu verleihen. Es ist au\u00dferdem ein nat\u00fcrliches Konservierungsmittel, kann als Umweltreiniger verwendet werden und wirkt als Antioxidans.<\/p>\n","protected":false},"featured_media":7751,"template":"","meta":[],"product_brand":[],"product_cat":[69],"product_tag":[],"class_list":{"0":"post-29798","1":"product","2":"type-product","3":"status-publish","4":"has-post-thumbnail","6":"product_cat-gewurze-und-wurzen","8":"first","9":"instock","10":"taxable","11":"shipping-taxable","12":"purchasable","13":"product-type-simple"},"_links":{"self":[{"href":"https:\/\/alepposhop.eu\/de\/wp-json\/wp\/v2\/product\/29798"}],"collection":[{"href":"https:\/\/alepposhop.eu\/de\/wp-json\/wp\/v2\/product"}],"about":[{"href":"https:\/\/alepposhop.eu\/de\/wp-json\/wp\/v2\/types\/product"}],"wp:featuredmedia":[{"embeddable":true,"href":"https:\/\/alepposhop.eu\/de\/wp-json\/wp\/v2\/media\/7751"}],"wp:attachment":[{"href":"https:\/\/alepposhop.eu\/de\/wp-json\/wp\/v2\/media?parent=29798"}],"wp:term":[{"taxonomy":"product_brand","embeddable":true,"href":"https:\/\/alepposhop.eu\/de\/wp-json\/wp\/v2\/product_brand?post=29798"},{"taxonomy":"product_cat","embeddable":true,"href":"https:\/\/alepposhop.eu\/de\/wp-json\/wp\/v2\/product_cat?post=29798"},{"taxonomy":"product_tag","embeddable":true,"href":"https:\/\/alepposhop.eu\/de\/wp-json\/wp\/v2\/product_tag?post=29798"}],"curies":[{"name":"wp","href":"https:\/\/api.w.org\/{rel}","templated":true}]}}