{"id":30045,"date":"2024-03-03T15:32:05","date_gmt":"2024-03-03T14:44:18","guid":{"rendered":"https:\/\/alepposhop.eu\/durra-tamarinde-2-packung-1-kg\/"},"modified":"2024-03-26T00:00:04","modified_gmt":"2024-03-25T23:00:04","slug":"durra-tamarinde-2-packung-1-kg","status":"publish","type":"product","link":"https:\/\/alepposhop.eu\/de\/durra-tamarinde-2-packung-1-kg\/","title":{"rendered":"Durra Tamarinde 2 Packung 1 kg"},"content":{"rendered":"<p style=\"text-align: center;\">Zwei Packungen enth\u00e4lt 1 kg hochwertige Durra-Tamarinde, die sich durch ihre gro\u00dfe Gr\u00f6\u00dfe und ihren s\u00fc\u00dfen Geschmack auszeichnet<\/p>\n<h2 style=\"text-align: center;\">Datteln, Tamarinde, Dura-Datteln, Dura-Tamarinde, Tamarindensirup, Tamarindensaft<\/h2>\n<h2 style=\"text-align: center;\">W\u00f6chentliche Angebote<\/h2>\n<p style=\"text-align: center;\">Tamarinde<\/p>\n<p style=\"text-align: center;\">Aleppo Market<\/p>\n<p style=\"text-align: center;\">Tamarinde<\/p>\n<p style=\"text-align: center;\">\n","protected":false},"excerpt":{"rendered":"<p>Datteln, Tamarinde, Dura-Datteln, Dura-Tamarinde, Tamarindensirup, Tamarindensaft<\/p>\n","protected":false},"featured_media":29848,"template":"","meta":[],"product_brand":[],"product_cat":[2279],"product_tag":[],"class_list":{"0":"post-30045","1":"product","2":"type-product","3":"status-publish","4":"has-post-thumbnail","6":"product_cat-saisonale-angebote","8":"first","9":"outofstock","10":"taxable","11":"shipping-taxable","12":"purchasable","13":"product-type-simple"},"_links":{"self":[{"href":"https:\/\/alepposhop.eu\/de\/wp-json\/wp\/v2\/product\/30045"}],"collection":[{"href":"https:\/\/alepposhop.eu\/de\/wp-json\/wp\/v2\/product"}],"about":[{"href":"https:\/\/alepposhop.eu\/de\/wp-json\/wp\/v2\/types\/product"}],"wp:featuredmedia":[{"embeddable":true,"href":"https:\/\/alepposhop.eu\/de\/wp-json\/wp\/v2\/media\/29848"}],"wp:attachment":[{"href":"https:\/\/alepposhop.eu\/de\/wp-json\/wp\/v2\/media?parent=30045"}],"wp:term":[{"taxonomy":"product_brand","embeddable":true,"href":"https:\/\/alepposhop.eu\/de\/wp-json\/wp\/v2\/product_brand?post=30045"},{"taxonomy":"product_cat","embeddable":true,"href":"https:\/\/alepposhop.eu\/de\/wp-json\/wp\/v2\/product_cat?post=30045"},{"taxonomy":"product_tag","embeddable":true,"href":"https:\/\/alepposhop.eu\/de\/wp-json\/wp\/v2\/product_tag?post=30045"}],"curies":[{"name":"wp","href":"https:\/\/api.w.org\/{rel}","templated":true}]}}