{"id":30053,"date":"2024-03-03T15:32:05","date_gmt":"2024-03-03T14:44:18","guid":{"rendered":"https:\/\/alepposhop.eu\/ramadan-snacks-milch-kakao-5-stuecke\/"},"modified":"2024-03-25T00:00:07","modified_gmt":"2024-03-24T23:00:07","slug":"ramadan-snacks-milch-kakao-5-stuecke","status":"publish","type":"product","link":"https:\/\/alepposhop.eu\/de\/ramadan-snacks-milch-kakao-5-stuecke\/","title":{"rendered":"Ramadan -Snacks (Milch+ Kakao) &#8211; 5 St\u00fccke"},"content":{"rendered":"<p style=\"text-align: center;\">Das Ramadan-Schokoladendessert besteht aus Al Fakher Milch, Ruby Haselnuss, Lavita Milch, Twist Milch und Dance.<\/p>\n<h2 style=\"text-align: center;\">Fakher Chocolate, Al Fakher, Al Fakher Chocolate, Ruby Biscuits, Ruby milch, Lavita, Lavita milch, milch twist, S\u00fc\u00dfigkeiten, S\u00fc\u00dfigkeiten, Kekse,milch<\/h2>\n<h2 style=\"text-align: center;\">W\u00f6chentliche Angebote<\/h2>\n<p style=\"text-align: center;\">Kekse<\/p>\n<p style=\"text-align: center;\">Aleppo Market<\/p>\n<p style=\"text-align: center;\">Fakher , Ruby , Lavita, Twis, dance,<\/p>\n<p style=\"text-align: center;\">\n","protected":false},"excerpt":{"rendered":"<p>Fakher Chocolate, Al Fakher, Al Fakher Chocolate, Ruby Biscuits, Ruby milch, Lavita, Lavita milch, milch twist, S\u00fc\u00dfigkeiten, S\u00fc\u00dfigkeiten, Kekse,milch<\/p>\n","protected":false},"featured_media":29856,"template":"","meta":[],"product_brand":[],"product_cat":[2280],"product_tag":[],"class_list":{"0":"post-30053","1":"product","2":"type-product","3":"status-publish","4":"has-post-thumbnail","6":"product_cat-wochentliche-angebote","8":"first","9":"outofstock","10":"taxable","11":"shipping-taxable","12":"purchasable","13":"product-type-simple"},"_links":{"self":[{"href":"https:\/\/alepposhop.eu\/de\/wp-json\/wp\/v2\/product\/30053"}],"collection":[{"href":"https:\/\/alepposhop.eu\/de\/wp-json\/wp\/v2\/product"}],"about":[{"href":"https:\/\/alepposhop.eu\/de\/wp-json\/wp\/v2\/types\/product"}],"wp:featuredmedia":[{"embeddable":true,"href":"https:\/\/alepposhop.eu\/de\/wp-json\/wp\/v2\/media\/29856"}],"wp:attachment":[{"href":"https:\/\/alepposhop.eu\/de\/wp-json\/wp\/v2\/media?parent=30053"}],"wp:term":[{"taxonomy":"product_brand","embeddable":true,"href":"https:\/\/alepposhop.eu\/de\/wp-json\/wp\/v2\/product_brand?post=30053"},{"taxonomy":"product_cat","embeddable":true,"href":"https:\/\/alepposhop.eu\/de\/wp-json\/wp\/v2\/product_cat?post=30053"},{"taxonomy":"product_tag","embeddable":true,"href":"https:\/\/alepposhop.eu\/de\/wp-json\/wp\/v2\/product_tag?post=30053"}],"curies":[{"name":"wp","href":"https:\/\/api.w.org\/{rel}","templated":true}]}}