{"id":30057,"date":"2024-03-03T15:32:05","date_gmt":"2024-03-03T14:44:18","guid":{"rendered":"https:\/\/alepposhop.eu\/rohe-pistazien-extra-ein-halbes-stueck-1-kg\/"},"modified":"2024-03-25T00:00:07","modified_gmt":"2024-03-24T23:00:07","slug":"rohe-pistazien-extra-ein-halbes-stueck-1-kg","status":"publish","type":"product","link":"https:\/\/alepposhop.eu\/de\/rohe-pistazien-extra-ein-halbes-stueck-1-kg\/","title":{"rendered":"Rohe Pistazien (extra), ein halbes St\u00fcck &#8211; 1 kg"},"content":{"rendered":"<p style=\"text-align: center;\">Rohe Pistazien haben einen reichen und einzigartigen Geschmack und sind eine reichhaltige Quelle an Proteinen und Ballaststoffen. Dieses Produkt hat eine Gr\u00f6\u00dfe von 1 kg und wird sorgf\u00e4ltig verpackt, um die Qualit\u00e4t des Produkts zu erhalten.<\/p>\n<h2 style=\"text-align: center;\">Pistazien, rohe Pistazie, Mamoul, Mamool, Eid, Ramadan, S\u00fc\u00dfigkeiten<\/h2>\n<h2 style=\"text-align: center;\">W\u00f6chentliche Angebote<\/h2>\n<p style=\"text-align: center;\">Pistazie<\/p>\n<p style=\"text-align: center;\">Aleppo Market<\/p>\n<p style=\"text-align: center;\">Rohe Pistazien<\/p>\n<p style=\"text-align: center;\">\n","protected":false},"excerpt":{"rendered":"<p>Pistazien, rohe Pistazie, Mamoul, Mamool, Eid, Ramadan, S\u00fc\u00dfigkeiten<\/p>\n","protected":false},"featured_media":29860,"template":"","meta":[],"product_brand":[],"product_cat":[2280],"product_tag":[5497],"class_list":{"0":"post-30057","1":"product","2":"type-product","3":"status-publish","4":"has-post-thumbnail","6":"product_cat-wochentliche-angebote","7":"product_tag--de","9":"first","10":"outofstock","11":"taxable","12":"shipping-taxable","13":"purchasable","14":"product-type-simple"},"_links":{"self":[{"href":"https:\/\/alepposhop.eu\/de\/wp-json\/wp\/v2\/product\/30057"}],"collection":[{"href":"https:\/\/alepposhop.eu\/de\/wp-json\/wp\/v2\/product"}],"about":[{"href":"https:\/\/alepposhop.eu\/de\/wp-json\/wp\/v2\/types\/product"}],"wp:featuredmedia":[{"embeddable":true,"href":"https:\/\/alepposhop.eu\/de\/wp-json\/wp\/v2\/media\/29860"}],"wp:attachment":[{"href":"https:\/\/alepposhop.eu\/de\/wp-json\/wp\/v2\/media?parent=30057"}],"wp:term":[{"taxonomy":"product_brand","embeddable":true,"href":"https:\/\/alepposhop.eu\/de\/wp-json\/wp\/v2\/product_brand?post=30057"},{"taxonomy":"product_cat","embeddable":true,"href":"https:\/\/alepposhop.eu\/de\/wp-json\/wp\/v2\/product_cat?post=30057"},{"taxonomy":"product_tag","embeddable":true,"href":"https:\/\/alepposhop.eu\/de\/wp-json\/wp\/v2\/product_tag?post=30057"}],"curies":[{"name":"wp","href":"https:\/\/api.w.org\/{rel}","templated":true}]}}