{"id":30061,"date":"2024-03-03T15:32:05","date_gmt":"2024-03-03T14:44:18","guid":{"rendered":"https:\/\/alepposhop.eu\/mortadella-hana-huhn-2x340\/"},"modified":"2024-03-26T00:00:04","modified_gmt":"2024-03-25T23:00:04","slug":"mortadella-hana-huhn-2x340","status":"publish","type":"product","link":"https:\/\/alepposhop.eu\/de\/mortadella-hana-huhn-2x340\/","title":{"rendered":"Mortadella Hana Huhn 2&#215;340"},"content":{"rendered":"<p style=\"text-align: center;\">Mortadella H\u00fchnchen, mit seinem k\u00f6stlichen und wunderbaren Geschmack ein Snack zum Fr\u00fchst\u00fcck und Abendessen<\/p>\n<h2 style=\"text-align: center;\">Mortadella, Konserven, Mittagessen Fleisch, H\u00fchnchen, Angebote, Ramadan, Angebot, konservativ<\/h2>\n<h2 style=\"text-align: center;\">saisonale Angebote<\/h2>\n<p style=\"text-align: center;\">Mortadella<\/p>\n<p style=\"text-align: center;\">Hana foods<\/p>\n<p style=\"text-align: center;\">H\u00fchnerfleisch, Salz, Gew\u00fcrze, Wasser<\/p>\n<p style=\"text-align: center;\">\n","protected":false},"excerpt":{"rendered":"<p>Mortadella, Konserven, Mittagessen Fleisch, H\u00fchnchen, Angebote, Ramadan, Angebot, konservativ<\/p>\n","protected":false},"featured_media":29864,"template":"","meta":[],"product_brand":[],"product_cat":[2279],"product_tag":[3502,5482,5497,5525],"class_list":{"0":"post-30061","1":"product","2":"type-product","3":"status-publish","4":"has-post-thumbnail","6":"product_cat-saisonale-angebote","7":"product_tag-offers-de","8":"product_tag--de","12":"first","13":"outofstock","14":"sold-individually","15":"taxable","16":"shipping-taxable","17":"purchasable","18":"product-type-simple"},"_links":{"self":[{"href":"https:\/\/alepposhop.eu\/de\/wp-json\/wp\/v2\/product\/30061"}],"collection":[{"href":"https:\/\/alepposhop.eu\/de\/wp-json\/wp\/v2\/product"}],"about":[{"href":"https:\/\/alepposhop.eu\/de\/wp-json\/wp\/v2\/types\/product"}],"wp:featuredmedia":[{"embeddable":true,"href":"https:\/\/alepposhop.eu\/de\/wp-json\/wp\/v2\/media\/29864"}],"wp:attachment":[{"href":"https:\/\/alepposhop.eu\/de\/wp-json\/wp\/v2\/media?parent=30061"}],"wp:term":[{"taxonomy":"product_brand","embeddable":true,"href":"https:\/\/alepposhop.eu\/de\/wp-json\/wp\/v2\/product_brand?post=30061"},{"taxonomy":"product_cat","embeddable":true,"href":"https:\/\/alepposhop.eu\/de\/wp-json\/wp\/v2\/product_cat?post=30061"},{"taxonomy":"product_tag","embeddable":true,"href":"https:\/\/alepposhop.eu\/de\/wp-json\/wp\/v2\/product_tag?post=30061"}],"curies":[{"name":"wp","href":"https:\/\/api.w.org\/{rel}","templated":true}]}}