{"id":30073,"date":"2024-03-03T15:32:05","date_gmt":"2024-03-03T14:44:18","guid":{"rendered":"https:\/\/alepposhop.eu\/cappuccino-tora-bika-6-beutel\/"},"modified":"2024-03-26T00:00:04","modified_gmt":"2024-03-25T23:00:04","slug":"cappuccino-tora-bika-6-beutel","status":"publish","type":"product","link":"https:\/\/alepposhop.eu\/de\/cappuccino-tora-bika-6-beutel\/","title":{"rendered":"Cappuccino Tora Bika 6 Beutel"},"content":{"rendered":"<p style=\"text-align: center;\">Reichhaltiger, k\u00f6stlich schaumiger Cappuccino-Kaffee mit k\u00f6stlichen Schokoladenst\u00fcckchen<\/p>\n<h2 style=\"text-align: center;\">Kaffee, Cappuccino, Toropika, Tora Bika, hei\u00dfe Getr\u00e4nke<\/h2>\n<h2 style=\"text-align: center;\">saisonale Angebote<\/h2>\n<p style=\"text-align: center;\">Cappuccino<\/p>\n<p style=\"text-align: center;\">Tora Bika<\/p>\n<p style=\"text-align: center;\">Zucker, kaffeewei\u00dfer, Instantkaffee, Schokoladenchips<\/p>\n<p style=\"text-align: center;\">\n","protected":false},"excerpt":{"rendered":"<p>Kaffee, Cappuccino, Toropika, Tora Bika, hei\u00dfe Getr\u00e4nke<\/p>\n","protected":false},"featured_media":29876,"template":"","meta":[],"product_brand":[],"product_cat":[2279],"product_tag":[],"class_list":{"0":"post-30073","1":"product","2":"type-product","3":"status-publish","4":"has-post-thumbnail","6":"product_cat-saisonale-angebote","8":"first","9":"outofstock","10":"taxable","11":"shipping-taxable","12":"purchasable","13":"product-type-simple"},"_links":{"self":[{"href":"https:\/\/alepposhop.eu\/de\/wp-json\/wp\/v2\/product\/30073"}],"collection":[{"href":"https:\/\/alepposhop.eu\/de\/wp-json\/wp\/v2\/product"}],"about":[{"href":"https:\/\/alepposhop.eu\/de\/wp-json\/wp\/v2\/types\/product"}],"wp:featuredmedia":[{"embeddable":true,"href":"https:\/\/alepposhop.eu\/de\/wp-json\/wp\/v2\/media\/29876"}],"wp:attachment":[{"href":"https:\/\/alepposhop.eu\/de\/wp-json\/wp\/v2\/media?parent=30073"}],"wp:term":[{"taxonomy":"product_brand","embeddable":true,"href":"https:\/\/alepposhop.eu\/de\/wp-json\/wp\/v2\/product_brand?post=30073"},{"taxonomy":"product_cat","embeddable":true,"href":"https:\/\/alepposhop.eu\/de\/wp-json\/wp\/v2\/product_cat?post=30073"},{"taxonomy":"product_tag","embeddable":true,"href":"https:\/\/alepposhop.eu\/de\/wp-json\/wp\/v2\/product_tag?post=30073"}],"curies":[{"name":"wp","href":"https:\/\/api.w.org\/{rel}","templated":true}]}}