{"id":30081,"date":"2024-03-03T15:32:05","date_gmt":"2024-03-03T14:44:18","guid":{"rendered":"https:\/\/alepposhop.eu\/walnuss-1-kg\/"},"modified":"2024-03-26T00:00:05","modified_gmt":"2024-03-25T23:00:05","slug":"walnuss-1-kg","status":"publish","type":"product","link":"https:\/\/alepposhop.eu\/de\/walnuss-1-kg\/","title":{"rendered":"Walnuss 1 kg"},"content":{"rendered":"<p style=\"text-align: center;\">Waln\u00fcsse sind ein kalorienreiches Lebensmittel mit vielen n\u00fctzlichen N\u00e4hrstoffen. Es wird in vielen k\u00f6stlichen Gerichten und Desserts verwendet<\/p>\n<h2 style=\"text-align: center;\">Waln\u00fcsse, rohe Waln\u00fcsse, N\u00fcsse,Nuss, Angebote, Angebote, Ramadan, Eid,<\/h2>\n<h2 style=\"text-align: center;\">W\u00f6chentliche Angebote<\/h2>\n<p style=\"text-align: center;\">Walnuss<\/p>\n<p style=\"text-align: center;\">Aleppo Market<\/p>\n<p style=\"text-align: center;\">Rohe Walnuss<\/p>\n<p style=\"text-align: center;\">\n","protected":false},"excerpt":{"rendered":"<p>Waln\u00fcsse, rohe Waln\u00fcsse, N\u00fcsse,Nuss, Angebote, Angebote, Ramadan, Eid,<\/p>\n","protected":false},"featured_media":29884,"template":"","meta":[],"product_brand":[],"product_cat":[2280],"product_tag":[3502,5497,5525,5533,5535],"class_list":{"0":"post-30081","1":"product","2":"type-product","3":"status-publish","4":"has-post-thumbnail","6":"product_cat-wochentliche-angebote","7":"product_tag-offers-de","8":"product_tag--de","11":"product_tag---de","13":"first","14":"outofstock","15":"sold-individually","16":"taxable","17":"shipping-taxable","18":"purchasable","19":"product-type-simple"},"_links":{"self":[{"href":"https:\/\/alepposhop.eu\/de\/wp-json\/wp\/v2\/product\/30081"}],"collection":[{"href":"https:\/\/alepposhop.eu\/de\/wp-json\/wp\/v2\/product"}],"about":[{"href":"https:\/\/alepposhop.eu\/de\/wp-json\/wp\/v2\/types\/product"}],"wp:featuredmedia":[{"embeddable":true,"href":"https:\/\/alepposhop.eu\/de\/wp-json\/wp\/v2\/media\/29884"}],"wp:attachment":[{"href":"https:\/\/alepposhop.eu\/de\/wp-json\/wp\/v2\/media?parent=30081"}],"wp:term":[{"taxonomy":"product_brand","embeddable":true,"href":"https:\/\/alepposhop.eu\/de\/wp-json\/wp\/v2\/product_brand?post=30081"},{"taxonomy":"product_cat","embeddable":true,"href":"https:\/\/alepposhop.eu\/de\/wp-json\/wp\/v2\/product_cat?post=30081"},{"taxonomy":"product_tag","embeddable":true,"href":"https:\/\/alepposhop.eu\/de\/wp-json\/wp\/v2\/product_tag?post=30081"}],"curies":[{"name":"wp","href":"https:\/\/api.w.org\/{rel}","templated":true}]}}