{"id":30089,"date":"2024-03-03T15:33:07","date_gmt":"2024-03-03T14:45:46","guid":{"rendered":"https:\/\/alepposhop.eu\/granatapfelmelasse-1-kg-1-kg-frei\/"},"modified":"2025-02-17T22:17:52","modified_gmt":"2025-02-17T21:17:52","slug":"granatapfelmelasse-1-kg-1-kg-frei","status":"publish","type":"product","link":"https:\/\/alepposhop.eu\/de\/granatapfelmelasse-1-kg-1-kg-frei\/","title":{"rendered":"Granatapfelmelasse 1000 Gr."},"content":{"rendered":"<p style=\"text-align: center\">g Gewicht: 1000<\/p>\n<p style=\"text-align: center\">Granatapfelmelasse ist eine dicke Fl\u00fcssigkeit aus dem kondensierten Saft von Granat\u00e4pfeln. Es schmeckt sehr s\u00e4uerlich mit leichter S\u00fc\u00dfe und hat eine dunkelrote Farbe.<br \/>\nEs wird zu Hause zubereitet, indem frischer Granatapfelsaft \u00fcber einem Holzfeuer gekocht wird, bis er eindickt und die gew\u00fcnschte Konsistenz annimmt.<\/p>\n<p style=\"text-align: center\">Kondensierter Granatapfelsaft, Zucker 14%<\/p>\n<p style=\"text-align: center\">Hausgemacht<\/p>\n<p style=\"text-align: center\">\n","protected":false},"excerpt":{"rendered":"<p>Granatapfel, Melasse, Ramadan, Angebote, Angebote,<\/p>\n","protected":false},"featured_media":35736,"template":"","meta":[],"product_brand":[],"product_cat":[2279],"product_tag":[3502,5497,5525],"class_list":{"0":"post-30089","1":"product","2":"type-product","3":"status-publish","4":"has-post-thumbnail","6":"product_cat-saisonale-angebote","7":"product_tag-offers-de","8":"product_tag--de","11":"first","12":"outofstock","13":"sold-individually","14":"taxable","15":"shipping-taxable","16":"purchasable","17":"product-type-simple"},"_links":{"self":[{"href":"https:\/\/alepposhop.eu\/de\/wp-json\/wp\/v2\/product\/30089"}],"collection":[{"href":"https:\/\/alepposhop.eu\/de\/wp-json\/wp\/v2\/product"}],"about":[{"href":"https:\/\/alepposhop.eu\/de\/wp-json\/wp\/v2\/types\/product"}],"wp:featuredmedia":[{"embeddable":true,"href":"https:\/\/alepposhop.eu\/de\/wp-json\/wp\/v2\/media\/35736"}],"wp:attachment":[{"href":"https:\/\/alepposhop.eu\/de\/wp-json\/wp\/v2\/media?parent=30089"}],"wp:term":[{"taxonomy":"product_brand","embeddable":true,"href":"https:\/\/alepposhop.eu\/de\/wp-json\/wp\/v2\/product_brand?post=30089"},{"taxonomy":"product_cat","embeddable":true,"href":"https:\/\/alepposhop.eu\/de\/wp-json\/wp\/v2\/product_cat?post=30089"},{"taxonomy":"product_tag","embeddable":true,"href":"https:\/\/alepposhop.eu\/de\/wp-json\/wp\/v2\/product_tag?post=30089"}],"curies":[{"name":"wp","href":"https:\/\/api.w.org\/{rel}","templated":true}]}}