{"id":30093,"date":"2024-03-03T15:33:07","date_gmt":"2024-03-03T14:45:46","guid":{"rendered":"https:\/\/alepposhop.eu\/freekeh-1-kilo-kilo-frei\/"},"modified":"2026-02-01T23:31:03","modified_gmt":"2026-02-01T22:31:03","slug":"freekeh-1-kilo-kilo-frei","status":"publish","type":"product","link":"https:\/\/alepposhop.eu\/de\/freekeh-1-kilo-kilo-frei\/","title":{"rendered":"Freekeh 1000 Gr. (Angebot)"},"content":{"rendered":"<p style=\"text-align: center\">Gewicht: 1000 g<\/p>\n<p style=\"text-align: center\">Freekeh ist eines der k\u00f6stlichsten Fr\u00fchst\u00fccksgerichte auf dem Ramadan-Tisch. Es handelt sich dabei um Weizenk\u00f6rner, die geerntet werden, solange sie noch gr\u00fcn sind. Aufgrund ihres hohen Feuchtigkeitsgehalts verbrennen sie beim R\u00f6sten normalerweise nicht, da sie manuell \u00fcber Brennholz ger\u00f6stet werden, um ein rauchiges Aroma zu erhalten.<\/p>\n","protected":false},"excerpt":{"rendered":"<p>Freek, Freekeh, Bulgur, M\u00f6rtel, Angebote, Ramadan, Gr\u00fcner Durumweizen, gr\u00fcner Weizen, Weizen, Frik, Farik<\/p>\n","protected":false},"featured_media":35757,"template":"","meta":[],"product_brand":[],"product_cat":[2279,2280],"product_tag":[3502,5497,5525,5526],"class_list":{"0":"post-30093","1":"product","2":"type-product","3":"status-publish","4":"has-post-thumbnail","6":"product_cat-saisonale-angebote","7":"product_cat-wochentliche-angebote","8":"product_tag-offers-de","9":"product_tag--de","13":"first","14":"outofstock","15":"sold-individually","16":"taxable","17":"shipping-taxable","18":"purchasable","19":"product-type-simple"},"_links":{"self":[{"href":"https:\/\/alepposhop.eu\/de\/wp-json\/wp\/v2\/product\/30093"}],"collection":[{"href":"https:\/\/alepposhop.eu\/de\/wp-json\/wp\/v2\/product"}],"about":[{"href":"https:\/\/alepposhop.eu\/de\/wp-json\/wp\/v2\/types\/product"}],"wp:featuredmedia":[{"embeddable":true,"href":"https:\/\/alepposhop.eu\/de\/wp-json\/wp\/v2\/media\/35757"}],"wp:attachment":[{"href":"https:\/\/alepposhop.eu\/de\/wp-json\/wp\/v2\/media?parent=30093"}],"wp:term":[{"taxonomy":"product_brand","embeddable":true,"href":"https:\/\/alepposhop.eu\/de\/wp-json\/wp\/v2\/product_brand?post=30093"},{"taxonomy":"product_cat","embeddable":true,"href":"https:\/\/alepposhop.eu\/de\/wp-json\/wp\/v2\/product_cat?post=30093"},{"taxonomy":"product_tag","embeddable":true,"href":"https:\/\/alepposhop.eu\/de\/wp-json\/wp\/v2\/product_tag?post=30093"}],"curies":[{"name":"wp","href":"https:\/\/api.w.org\/{rel}","templated":true}]}}