{"id":30097,"date":"2024-03-03T15:33:07","date_gmt":"2024-03-03T14:45:46","guid":{"rendered":"https:\/\/alepposhop.eu\/makdous-1-kilo\/"},"modified":"2026-02-11T15:01:02","modified_gmt":"2026-02-11T14:01:02","slug":"makdous-1-kilo","status":"publish","type":"product","link":"https:\/\/alepposhop.eu\/de\/makdous-1-kilo\/","title":{"rendered":"Makdous 1000 Gr. (Angebot)"},"content":{"rendered":"<p style=\"text-align: center\">g Gewicht: 1000<\/p>\n<p style=\"text-align: center\">Kleine Auberginen werden gekocht, getrocknet, dann mit einer Mischung aus Waln\u00fcssen, Paprika und Knoblauch gef\u00fcllt und mit Oliven\u00f6l \u00fcberzogen.<\/p>\n<p style=\"text-align: center\">Ein Teller mit k\u00f6stlichen eingelegten Auberginen ist ein Muss f\u00fcr jede Ramadan-Suhoor-Mahlzeit. Lokale eingelegte Auberginen zeichnen sich durch ihren einzigartigen und k\u00f6stlichen Geschmack aus und werden fest verpackt, um ihren wunderbaren Geschmack zu bewahren.<\/p>\n<p style=\"text-align: center\">Hausgemacht<\/p>\n","protected":false},"excerpt":{"rendered":"<p>Makdous, N\u00fcsse, Pfefferpaste, Fr\u00fchst\u00fcck, Angebote, Angebot, Ramadan<\/p>\n","protected":false},"featured_media":35747,"template":"","meta":[],"product_brand":[],"product_cat":[67],"product_tag":[3502,5482,5497,5525,5526,5533,5536,5537],"class_list":{"0":"post-30097","1":"product","2":"type-product","3":"status-publish","4":"has-post-thumbnail","6":"product_cat-fruhstuck","7":"product_tag-offers-de","8":"product_tag--de","13":"product_tag---de","16":"first","17":"outofstock","18":"taxable","19":"shipping-taxable","20":"purchasable","21":"product-type-simple"},"_links":{"self":[{"href":"https:\/\/alepposhop.eu\/de\/wp-json\/wp\/v2\/product\/30097"}],"collection":[{"href":"https:\/\/alepposhop.eu\/de\/wp-json\/wp\/v2\/product"}],"about":[{"href":"https:\/\/alepposhop.eu\/de\/wp-json\/wp\/v2\/types\/product"}],"wp:featuredmedia":[{"embeddable":true,"href":"https:\/\/alepposhop.eu\/de\/wp-json\/wp\/v2\/media\/35747"}],"wp:attachment":[{"href":"https:\/\/alepposhop.eu\/de\/wp-json\/wp\/v2\/media?parent=30097"}],"wp:term":[{"taxonomy":"product_brand","embeddable":true,"href":"https:\/\/alepposhop.eu\/de\/wp-json\/wp\/v2\/product_brand?post=30097"},{"taxonomy":"product_cat","embeddable":true,"href":"https:\/\/alepposhop.eu\/de\/wp-json\/wp\/v2\/product_cat?post=30097"},{"taxonomy":"product_tag","embeddable":true,"href":"https:\/\/alepposhop.eu\/de\/wp-json\/wp\/v2\/product_tag?post=30097"}],"curies":[{"name":"wp","href":"https:\/\/api.w.org\/{rel}","templated":true}]}}