{"id":30101,"date":"2024-03-03T15:33:07","date_gmt":"2024-03-03T14:45:46","guid":{"rendered":"https:\/\/alepposhop.eu\/rohe-walnuss-5-kilo\/"},"modified":"2024-03-25T00:00:07","modified_gmt":"2024-03-24T23:00:07","slug":"rohe-walnuss-5-kilo","status":"publish","type":"product","link":"https:\/\/alepposhop.eu\/de\/rohe-walnuss-5-kilo\/","title":{"rendered":"Rohe Walnuss 5 kilo"},"content":{"rendered":"<p style=\"text-align: center;\">Waln\u00fcsse sind ein N\u00fcsse, der reich an Kalorien und vielen n\u00fctzlichen N\u00e4hrstoffen ist. Es wird in vielen k\u00f6stlichen Gerichten und Desserts im Nahen Osten verwendet<\/p>\n<h2 style=\"text-align: center;\">Waln\u00fcsse, rohe Waln\u00fcsse, N\u00fcsse, Angebote, Angebote, Ramadan, Eid,<\/h2>\n<h2 style=\"text-align: center;\">saisonale Angebote<\/h2>\n<p style=\"text-align: center;\">walnusse<\/p>\n<p style=\"text-align: center;\">Aleppo Market<\/p>\n<p style=\"text-align: center;\">Rohe Walnuss<\/p>\n<p style=\"text-align: center;\">\n","protected":false},"excerpt":{"rendered":"<p>Waln\u00fcsse, rohe Waln\u00fcsse, N\u00fcsse, Angebote, Angebote, Ramadan, Eid,<\/p>\n","protected":false},"featured_media":29904,"template":"","meta":[],"product_brand":[],"product_cat":[2279],"product_tag":[3502,5497,5525,5533,5535],"class_list":{"0":"post-30101","1":"product","2":"type-product","3":"status-publish","4":"has-post-thumbnail","6":"product_cat-saisonale-angebote","7":"product_tag-offers-de","8":"product_tag--de","11":"product_tag---de","13":"first","14":"outofstock","15":"taxable","16":"shipping-taxable","17":"purchasable","18":"product-type-simple"},"_links":{"self":[{"href":"https:\/\/alepposhop.eu\/de\/wp-json\/wp\/v2\/product\/30101"}],"collection":[{"href":"https:\/\/alepposhop.eu\/de\/wp-json\/wp\/v2\/product"}],"about":[{"href":"https:\/\/alepposhop.eu\/de\/wp-json\/wp\/v2\/types\/product"}],"wp:featuredmedia":[{"embeddable":true,"href":"https:\/\/alepposhop.eu\/de\/wp-json\/wp\/v2\/media\/29904"}],"wp:attachment":[{"href":"https:\/\/alepposhop.eu\/de\/wp-json\/wp\/v2\/media?parent=30101"}],"wp:term":[{"taxonomy":"product_brand","embeddable":true,"href":"https:\/\/alepposhop.eu\/de\/wp-json\/wp\/v2\/product_brand?post=30101"},{"taxonomy":"product_cat","embeddable":true,"href":"https:\/\/alepposhop.eu\/de\/wp-json\/wp\/v2\/product_cat?post=30101"},{"taxonomy":"product_tag","embeddable":true,"href":"https:\/\/alepposhop.eu\/de\/wp-json\/wp\/v2\/product_tag?post=30101"}],"curies":[{"name":"wp","href":"https:\/\/api.w.org\/{rel}","templated":true}]}}