{"id":30105,"date":"2024-03-03T15:33:07","date_gmt":"2024-03-03T14:45:46","guid":{"rendered":"https:\/\/alepposhop.eu\/qamaruddin-byoutna-400-g-2\/"},"modified":"2024-03-25T00:00:08","modified_gmt":"2024-03-24T23:00:08","slug":"qamaruddin-byoutna-400-g-2","status":"publish","type":"product","link":"https:\/\/alepposhop.eu\/de\/qamaruddin-byoutna-400-g-2\/","title":{"rendered":"Qamaruddin byoutna 400 g + 2"},"content":{"rendered":"<p style=\"text-align: center;\">Qamaruddin wird aus getrockneter Aprikose hergestellt, um k\u00f6stlichen Qamaruddin -Sirup herzustellen, der von Ramadan -Getr\u00e4nken ber\u00fccksichtigt wird<\/p>\n<h2 style=\"text-align: center;\">Qamar al -Din, Aprikose, Getr\u00e4nke, S\u00e4fte, Ramadan, Eid, Display, Angebote, Qamaruddin<\/h2>\n<h2 style=\"text-align: center;\">saisonale Angebote<\/h2>\n<p style=\"text-align: center;\">Qamaruddin<\/p>\n<p style=\"text-align: center;\">byoutna<\/p>\n<p style=\"text-align: center;\">Aprikosensaft<\/p>\n<p style=\"text-align: center;\">\n","protected":false},"excerpt":{"rendered":"<p>Qamar al -Din, Aprikose, Getr\u00e4nke, S\u00e4fte, Ramadan, Eid, Display, Angebote, Qamaruddin<\/p>\n","protected":false},"featured_media":29908,"template":"","meta":[],"product_brand":[],"product_cat":[2279],"product_tag":[3502,5497,5525],"class_list":{"0":"post-30105","1":"product","2":"type-product","3":"status-publish","4":"has-post-thumbnail","6":"product_cat-saisonale-angebote","7":"product_tag-offers-de","8":"product_tag--de","11":"first","12":"outofstock","13":"taxable","14":"shipping-taxable","15":"purchasable","16":"product-type-simple"},"_links":{"self":[{"href":"https:\/\/alepposhop.eu\/de\/wp-json\/wp\/v2\/product\/30105"}],"collection":[{"href":"https:\/\/alepposhop.eu\/de\/wp-json\/wp\/v2\/product"}],"about":[{"href":"https:\/\/alepposhop.eu\/de\/wp-json\/wp\/v2\/types\/product"}],"wp:featuredmedia":[{"embeddable":true,"href":"https:\/\/alepposhop.eu\/de\/wp-json\/wp\/v2\/media\/29908"}],"wp:attachment":[{"href":"https:\/\/alepposhop.eu\/de\/wp-json\/wp\/v2\/media?parent=30105"}],"wp:term":[{"taxonomy":"product_brand","embeddable":true,"href":"https:\/\/alepposhop.eu\/de\/wp-json\/wp\/v2\/product_brand?post=30105"},{"taxonomy":"product_cat","embeddable":true,"href":"https:\/\/alepposhop.eu\/de\/wp-json\/wp\/v2\/product_cat?post=30105"},{"taxonomy":"product_tag","embeddable":true,"href":"https:\/\/alepposhop.eu\/de\/wp-json\/wp\/v2\/product_tag?post=30105"}],"curies":[{"name":"wp","href":"https:\/\/api.w.org\/{rel}","templated":true}]}}