{"id":30113,"date":"2024-03-03T15:33:07","date_gmt":"2024-03-03T14:45:46","guid":{"rendered":"https:\/\/alepposhop.eu\/derby-chips-3-beutel\/"},"modified":"2024-03-25T00:00:08","modified_gmt":"2024-03-24T23:00:08","slug":"derby-chips-3-beutel","status":"publish","type":"product","link":"https:\/\/alepposhop.eu\/de\/derby-chips-3-beutel\/","title":{"rendered":"Derby Chips 3 Beutel"},"content":{"rendered":"<p style=\"text-align: center;\">Ein k\u00f6stlicher Snack, der aus gebratenen Kartoffeln zubereitet wird<\/p>\n<h2 style=\"text-align: center;\">Kartoffeln, Kartoffeln, Snacks, Pommes, Snacks, Angebote, Angebote, Ramadan, Eid<\/h2>\n<h2 style=\"text-align: center;\">W\u00f6chentliche Angebote<\/h2>\n<p style=\"text-align: center;\">Chips<\/p>\n<p style=\"text-align: center;\">Derby<\/p>\n<p style=\"text-align: center;\">Kartoffelpulver, Kartoffelst\u00e4rke, Salz, Pflanzen\u00f6l (Palm\u00f6l), k\u00f6stlicher Paprikageschmack und enth\u00e4lt kein Salz<\/p>\n<p style=\"text-align: center;\">\n","protected":false},"excerpt":{"rendered":"<p>Kartoffeln, Kartoffeln, Snacks, Pommes, Snacks, Angebote, Angebote, Ramadan, Eid<\/p>\n","protected":false},"featured_media":29916,"template":"","meta":[],"product_brand":[],"product_cat":[2280],"product_tag":[],"class_list":{"0":"post-30113","1":"product","2":"type-product","3":"status-publish","4":"has-post-thumbnail","6":"product_cat-wochentliche-angebote","8":"first","9":"outofstock","10":"taxable","11":"shipping-taxable","12":"purchasable","13":"product-type-simple"},"_links":{"self":[{"href":"https:\/\/alepposhop.eu\/de\/wp-json\/wp\/v2\/product\/30113"}],"collection":[{"href":"https:\/\/alepposhop.eu\/de\/wp-json\/wp\/v2\/product"}],"about":[{"href":"https:\/\/alepposhop.eu\/de\/wp-json\/wp\/v2\/types\/product"}],"wp:featuredmedia":[{"embeddable":true,"href":"https:\/\/alepposhop.eu\/de\/wp-json\/wp\/v2\/media\/29916"}],"wp:attachment":[{"href":"https:\/\/alepposhop.eu\/de\/wp-json\/wp\/v2\/media?parent=30113"}],"wp:term":[{"taxonomy":"product_brand","embeddable":true,"href":"https:\/\/alepposhop.eu\/de\/wp-json\/wp\/v2\/product_brand?post=30113"},{"taxonomy":"product_cat","embeddable":true,"href":"https:\/\/alepposhop.eu\/de\/wp-json\/wp\/v2\/product_cat?post=30113"},{"taxonomy":"product_tag","embeddable":true,"href":"https:\/\/alepposhop.eu\/de\/wp-json\/wp\/v2\/product_tag?post=30113"}],"curies":[{"name":"wp","href":"https:\/\/api.w.org\/{rel}","templated":true}]}}