{"id":30141,"date":"2024-03-03T15:34:04","date_gmt":"2024-03-03T14:50:05","guid":{"rendered":"https:\/\/alepposhop.eu\/gemischte-oliven-sauer-gruener-thymian-olivensalat-gegrillt\/"},"modified":"2024-03-25T00:00:08","modified_gmt":"2024-03-24T23:00:08","slug":"gemischte-oliven-sauer-gruener-thymian-olivensalat-gegrillt","status":"publish","type":"product","link":"https:\/\/alepposhop.eu\/de\/gemischte-oliven-sauer-gruener-thymian-olivensalat-gegrillt\/","title":{"rendered":"Gemischte Oliven (sauer, gr\u00fcner Thymian, Olivensalat, gegrillt)"},"content":{"rendered":"<p style=\"text-align: center;\">Zu den gemischten Oliven geh\u00f6ren 4 verschiedene Olivensorten jeder Sorten 250 gr. mit einer k\u00f6stlichen Mischung aus gr\u00fcnen Thymianaromen, Olivensalat, gegrillt und zerkleinert,<\/p>\n<h2 style=\"text-align: center;\">Oliven, Mischung, Fr\u00fchst\u00fcck, Suhoor, Ramadan<\/h2>\n<h2 style=\"text-align: center;\">W\u00f6chentliche Angebote<\/h2>\n<p style=\"text-align: center;\">oliven<\/p>\n<p style=\"text-align: center;\">Aleppo Market<\/p>\n<p style=\"text-align: center;\">Oliven, Gew\u00fcrze, Granatapfelmelasse, Oliven\u00f6l<\/p>\n<p style=\"text-align: center;\">\n","protected":false},"excerpt":{"rendered":"<p>Oliven, Mischung, Fr\u00fchst\u00fcck, Suhoor, Ramadan<\/p>\n","protected":false},"featured_media":29944,"template":"","meta":[],"product_brand":[],"product_cat":[2280],"product_tag":[5480,5482,5497,5524],"class_list":{"0":"post-30141","1":"product","2":"type-product","3":"status-publish","4":"has-post-thumbnail","6":"product_cat-wochentliche-angebote","7":"product_tag--de","12":"first","13":"outofstock","14":"taxable","15":"shipping-taxable","16":"purchasable","17":"product-type-simple"},"_links":{"self":[{"href":"https:\/\/alepposhop.eu\/de\/wp-json\/wp\/v2\/product\/30141"}],"collection":[{"href":"https:\/\/alepposhop.eu\/de\/wp-json\/wp\/v2\/product"}],"about":[{"href":"https:\/\/alepposhop.eu\/de\/wp-json\/wp\/v2\/types\/product"}],"wp:featuredmedia":[{"embeddable":true,"href":"https:\/\/alepposhop.eu\/de\/wp-json\/wp\/v2\/media\/29944"}],"wp:attachment":[{"href":"https:\/\/alepposhop.eu\/de\/wp-json\/wp\/v2\/media?parent=30141"}],"wp:term":[{"taxonomy":"product_brand","embeddable":true,"href":"https:\/\/alepposhop.eu\/de\/wp-json\/wp\/v2\/product_brand?post=30141"},{"taxonomy":"product_cat","embeddable":true,"href":"https:\/\/alepposhop.eu\/de\/wp-json\/wp\/v2\/product_cat?post=30141"},{"taxonomy":"product_tag","embeddable":true,"href":"https:\/\/alepposhop.eu\/de\/wp-json\/wp\/v2\/product_tag?post=30141"}],"curies":[{"name":"wp","href":"https:\/\/api.w.org\/{rel}","templated":true}]}}