{"id":30307,"date":"2024-03-04T19:25:23","date_gmt":"2024-03-04T18:44:46","guid":{"rendered":"https:\/\/alepposhop.eu\/gewuerfelter-kaese-4-tueten-eine-tuete-gratis\/"},"modified":"2024-03-25T00:00:10","modified_gmt":"2024-03-24T23:00:10","slug":"gewuerfelter-kaese-4-tueten-eine-tuete-gratis","status":"publish","type":"product","link":"https:\/\/alepposhop.eu\/de\/gewuerfelter-kaese-4-tueten-eine-tuete-gratis\/","title":{"rendered":"Gew\u00fcrfelter K\u00e4se 4 T\u00fcten + eine T\u00fcte gratis"},"content":{"rendered":"<p style=\"text-align: center;\">Gew\u00fcrfelter K\u00e4se ist ein sehr wichtiges Gericht f\u00fcr das traditionelle arabische Fr\u00fchst\u00fcck und Abendessen. Es zeichnet sich durch den Geschmack von Schwarzk\u00fcmmel, Mastix und Mahlab aus und hat eine feste Textur<\/p>\n<h2 style=\"text-align: center;\">K\u00e4se, schwarzer Samen, Fr\u00fchst\u00fcck, Suhoor, Ramadan, Angebote, Angebot,schwarzkummel,milch<\/h2>\n<h2 style=\"text-align: center;\">saisonale Angebote<\/h2>\n<p style=\"text-align: center;\">K\u00e4se<\/p>\n<p style=\"text-align: center;\">Aleppo market<\/p>\n<p style=\"text-align: center;\">Nat\u00fcrliche Vollmilch, schwarzerkummel, Mahlab, Salz<\/p>\n<p style=\"text-align: center;\">\n","protected":false},"excerpt":{"rendered":"<p>K\u00e4se, schwarzer Samen, Fr\u00fchst\u00fcck, Suhoor, Ramadan, Angebote, Angebot,schwarzkummel,milch<\/p>\n","protected":false},"featured_media":30158,"template":"","meta":[],"product_brand":[],"product_cat":[2279],"product_tag":[3502,5482,5497,5525],"class_list":{"0":"post-30307","1":"product","2":"type-product","3":"status-publish","4":"has-post-thumbnail","6":"product_cat-saisonale-angebote","7":"product_tag-offers-de","8":"product_tag--de","12":"first","13":"outofstock","14":"sold-individually","15":"taxable","16":"shipping-taxable","17":"purchasable","18":"product-type-simple"},"_links":{"self":[{"href":"https:\/\/alepposhop.eu\/de\/wp-json\/wp\/v2\/product\/30307"}],"collection":[{"href":"https:\/\/alepposhop.eu\/de\/wp-json\/wp\/v2\/product"}],"about":[{"href":"https:\/\/alepposhop.eu\/de\/wp-json\/wp\/v2\/types\/product"}],"wp:featuredmedia":[{"embeddable":true,"href":"https:\/\/alepposhop.eu\/de\/wp-json\/wp\/v2\/media\/30158"}],"wp:attachment":[{"href":"https:\/\/alepposhop.eu\/de\/wp-json\/wp\/v2\/media?parent=30307"}],"wp:term":[{"taxonomy":"product_brand","embeddable":true,"href":"https:\/\/alepposhop.eu\/de\/wp-json\/wp\/v2\/product_brand?post=30307"},{"taxonomy":"product_cat","embeddable":true,"href":"https:\/\/alepposhop.eu\/de\/wp-json\/wp\/v2\/product_cat?post=30307"},{"taxonomy":"product_tag","embeddable":true,"href":"https:\/\/alepposhop.eu\/de\/wp-json\/wp\/v2\/product_tag?post=30307"}],"curies":[{"name":"wp","href":"https:\/\/api.w.org\/{rel}","templated":true}]}}