{"id":30327,"date":"2024-03-04T19:25:23","date_gmt":"2024-03-04T18:44:46","guid":{"rendered":"https:\/\/alepposhop.eu\/rani-peach-granulat\/"},"modified":"2024-03-04T19:45:20","modified_gmt":"2024-03-04T18:45:20","slug":"rani-peach-granulat","status":"publish","type":"product","link":"https:\/\/alepposhop.eu\/de\/rani-peach-granulat\/","title":{"rendered":"Rani Peach Granulat"},"content":{"rendered":"<p style=\"text-align: center;\">Rani Peach Saft Saft mit einem erfrischenden Geschmack und einen echten Geschmack<\/p>\n<h2 style=\"text-align: center;\">Getr\u00e4nke, Rani, S\u00e4fte, S\u00e4fte, Ramadan, Saft, Angebote<\/h2>\n<h2 style=\"text-align: center;\">Getr\u00e4nke und S\u00e4fte<\/h2>\n<p style=\"text-align: center;\">Saft<\/p>\n<p style=\"text-align: center;\">Aujan<\/p>\n<p style=\"text-align: center;\">Wasser, Zucker, Pfirsiche, Pfirsichp\u00fcree<\/p>\n<p style=\"text-align: center;\">\n","protected":false},"excerpt":{"rendered":"<p>Getr\u00e4nke, Rani, S\u00e4fte, S\u00e4fte, Ramadan, Saft, Angebote<\/p>\n","protected":false},"featured_media":30178,"template":"","meta":[],"product_brand":[],"product_cat":[74],"product_tag":[3502,5497,5525],"class_list":{"0":"post-30327","1":"product","2":"type-product","3":"status-publish","4":"has-post-thumbnail","6":"product_cat-getranke-und-safte","7":"product_tag-offers-de","8":"product_tag--de","11":"first","12":"instock","13":"taxable","14":"shipping-taxable","15":"purchasable","16":"product-type-simple"},"_links":{"self":[{"href":"https:\/\/alepposhop.eu\/de\/wp-json\/wp\/v2\/product\/30327"}],"collection":[{"href":"https:\/\/alepposhop.eu\/de\/wp-json\/wp\/v2\/product"}],"about":[{"href":"https:\/\/alepposhop.eu\/de\/wp-json\/wp\/v2\/types\/product"}],"wp:featuredmedia":[{"embeddable":true,"href":"https:\/\/alepposhop.eu\/de\/wp-json\/wp\/v2\/media\/30178"}],"wp:attachment":[{"href":"https:\/\/alepposhop.eu\/de\/wp-json\/wp\/v2\/media?parent=30327"}],"wp:term":[{"taxonomy":"product_brand","embeddable":true,"href":"https:\/\/alepposhop.eu\/de\/wp-json\/wp\/v2\/product_brand?post=30327"},{"taxonomy":"product_cat","embeddable":true,"href":"https:\/\/alepposhop.eu\/de\/wp-json\/wp\/v2\/product_cat?post=30327"},{"taxonomy":"product_tag","embeddable":true,"href":"https:\/\/alepposhop.eu\/de\/wp-json\/wp\/v2\/product_tag?post=30327"}],"curies":[{"name":"wp","href":"https:\/\/api.w.org\/{rel}","templated":true}]}}