{"id":30331,"date":"2024-03-04T19:25:23","date_gmt":"2024-03-04T18:44:46","guid":{"rendered":"https:\/\/alepposhop.eu\/weihrauchseife\/"},"modified":"2024-03-04T19:45:26","modified_gmt":"2024-03-04T18:45:26","slug":"weihrauchseife","status":"publish","type":"product","link":"https:\/\/alepposhop.eu\/de\/weihrauchseife\/","title":{"rendered":"Weihrauchseife"},"content":{"rendered":"<p style=\"text-align: center;\">Eine nat\u00fcrliche Seife der ber\u00fchmten Marke Old DAQQA, die reich an vielen Vorteilen ist, die Ihnen helfen, hellere und frischere Haut zu erhalten.<\/p>\n<h2 style=\"text-align: center;\">Seife, alte Dukkah, Weihrauch<\/h2>\n<h2 style=\"text-align: center;\">Sch\u00f6nheit und Gesundheit<\/h2>\n<p style=\"text-align: center;\">Seife<\/p>\n<p style=\"text-align: center;\">Dakka Kadima<\/p>\n<p style=\"text-align: center;\">Zitronens\u00e4ure, Natriumhydroxid, destilliertes Wasser, Texapon, Glycerin, Monopropylenglykol, Sorbit, Triethanolamin, Laurins\u00e4ure, Kokos\u00f6l, \u00e4therische \u00d6le, Kr\u00e4uterextrakt<\/p>\n<p style=\"text-align: center;\">\n","protected":false},"excerpt":{"rendered":"<p>Seife, alte Dukkah, Weihrauch<\/p>\n","protected":false},"featured_media":30182,"template":"","meta":[],"product_brand":[],"product_cat":[75],"product_tag":[1117,5666,5667],"class_list":{"0":"post-30331","1":"product","2":"type-product","3":"status-publish","4":"has-post-thumbnail","6":"product_cat-schonheit-und-gesundheit","7":"product_tag-seife","8":"product_tag-alte-dukkah","9":"product_tag-weihrauch","11":"first","12":"instock","13":"taxable","14":"shipping-taxable","15":"purchasable","16":"product-type-simple"},"_links":{"self":[{"href":"https:\/\/alepposhop.eu\/de\/wp-json\/wp\/v2\/product\/30331"}],"collection":[{"href":"https:\/\/alepposhop.eu\/de\/wp-json\/wp\/v2\/product"}],"about":[{"href":"https:\/\/alepposhop.eu\/de\/wp-json\/wp\/v2\/types\/product"}],"wp:featuredmedia":[{"embeddable":true,"href":"https:\/\/alepposhop.eu\/de\/wp-json\/wp\/v2\/media\/30182"}],"wp:attachment":[{"href":"https:\/\/alepposhop.eu\/de\/wp-json\/wp\/v2\/media?parent=30331"}],"wp:term":[{"taxonomy":"product_brand","embeddable":true,"href":"https:\/\/alepposhop.eu\/de\/wp-json\/wp\/v2\/product_brand?post=30331"},{"taxonomy":"product_cat","embeddable":true,"href":"https:\/\/alepposhop.eu\/de\/wp-json\/wp\/v2\/product_cat?post=30331"},{"taxonomy":"product_tag","embeddable":true,"href":"https:\/\/alepposhop.eu\/de\/wp-json\/wp\/v2\/product_tag?post=30331"}],"curies":[{"name":"wp","href":"https:\/\/api.w.org\/{rel}","templated":true}]}}