{"id":30351,"date":"2024-03-04T19:26:35","date_gmt":"2024-03-04T18:46:01","guid":{"rendered":"https:\/\/alepposhop.eu\/schwarze-oliven-attoun-mariniert-klassisch-1-kilo\/"},"modified":"2026-02-09T02:07:37","modified_gmt":"2026-02-09T01:07:37","slug":"schwarze-oliven-attoun-mariniert-klassisch-1-kilo","status":"publish","type":"product","link":"https:\/\/alepposhop.eu\/de\/schwarze-oliven-attoun-mariniert-klassisch-1-kilo\/","title":{"rendered":"Schwarze Oliven (Attoun) mariniert + klassisch 1 Kilo"},"content":{"rendered":"<p style=\"text-align: center\">Oliven gelten als eine der unverzichtbaren Vorspeisen auf dem arabischen Tisch, denn Oliven haben einen unverwechselbaren Geschmack, der den Appetit anregt. Hausgemachte Oliven, mariniert mit nat\u00fcrlicher Granatapfelmelasse, nativem Oliven\u00f6l und einer Mischung k\u00f6stlicher Gew\u00fcrze.<\/p>\n<h2 style=\"text-align: center\">Oliven, Mischung, Fr\u00fchst\u00fcck, Suhoor, Ramadan, Angebote, Angebot<\/h2>\n<h2 style=\"text-align: center\">W\u00f6chentliche Angebote<\/h2>\n<p style=\"text-align: center\">oliven<\/p>\n<p style=\"text-align: center\">Aleppo market<\/p>\n<p style=\"text-align: center\">Oliven, Gew\u00fcrze, Granatapfelmelasse, Oliven\u00f6l<\/p>\n<p style=\"text-align: center\">\n","protected":false},"excerpt":{"rendered":"<p>Oliven, Mischung, Fr\u00fchst\u00fcck, Suhoor, Ramadan, Angebote, Angebot<\/p>\n","protected":false},"featured_media":30202,"template":"","meta":[],"product_brand":[],"product_cat":[2279],"product_tag":[3502,5480,5482,5497,5524,5525],"class_list":{"0":"post-30351","1":"product","2":"type-product","3":"status-publish","4":"has-post-thumbnail","6":"product_cat-saisonale-angebote","7":"product_tag-offers-de","8":"product_tag--de","14":"first","15":"outofstock","16":"taxable","17":"shipping-taxable","18":"purchasable","19":"product-type-simple"},"_links":{"self":[{"href":"https:\/\/alepposhop.eu\/de\/wp-json\/wp\/v2\/product\/30351"}],"collection":[{"href":"https:\/\/alepposhop.eu\/de\/wp-json\/wp\/v2\/product"}],"about":[{"href":"https:\/\/alepposhop.eu\/de\/wp-json\/wp\/v2\/types\/product"}],"wp:featuredmedia":[{"embeddable":true,"href":"https:\/\/alepposhop.eu\/de\/wp-json\/wp\/v2\/media\/30202"}],"wp:attachment":[{"href":"https:\/\/alepposhop.eu\/de\/wp-json\/wp\/v2\/media?parent=30351"}],"wp:term":[{"taxonomy":"product_brand","embeddable":true,"href":"https:\/\/alepposhop.eu\/de\/wp-json\/wp\/v2\/product_brand?post=30351"},{"taxonomy":"product_cat","embeddable":true,"href":"https:\/\/alepposhop.eu\/de\/wp-json\/wp\/v2\/product_cat?post=30351"},{"taxonomy":"product_tag","embeddable":true,"href":"https:\/\/alepposhop.eu\/de\/wp-json\/wp\/v2\/product_tag?post=30351"}],"curies":[{"name":"wp","href":"https:\/\/api.w.org\/{rel}","templated":true}]}}