{"id":30363,"date":"2024-03-04T19:26:35","date_gmt":"2024-03-04T18:46:01","guid":{"rendered":"https:\/\/alepposhop.eu\/eingelegte-ruebe-1-kilo\/"},"modified":"2026-02-10T21:10:28","modified_gmt":"2026-02-10T20:10:28","slug":"eingelegte-ruebe-1-kilo","status":"publish","type":"product","link":"https:\/\/alepposhop.eu\/de\/eingelegte-ruebe-1-kilo\/","title":{"rendered":"Eingelegte R\u00fcbe 1 Kilo"},"content":{"rendered":"<p style=\"text-align: center\">Knusprig eingelegte R\u00fcbe sind eine Beilage, mit der wir den Tisch schm\u00fccken. Sie passt zu allen Mahlzeiten und gilt als eine der k\u00f6stlichsten Vorspeisen.<\/p>\n<h2 style=\"text-align: center\">Gurken, Essig, Vorspeisen, Beilagen, Angebote<\/h2>\n<h2 style=\"text-align: center\">saisonale Angebote<\/h2>\n<p style=\"text-align: center\">Eingelegte Gem\u00fcse<\/p>\n<p style=\"text-align: center\">Aleppo market<\/p>\n<p style=\"text-align: center\">R\u00fcbe, Salz, Essig<\/p>\n<p style=\"text-align: center\">\n","protected":false},"excerpt":{"rendered":"<p>Gurken, Essig, Vorspeisen, Beilagen, Angebote<\/p>\n","protected":false},"featured_media":30214,"template":"","meta":[],"product_brand":[],"product_cat":[2279],"product_tag":[3502,5525],"class_list":{"0":"post-30363","1":"product","2":"type-product","3":"status-publish","4":"has-post-thumbnail","6":"product_cat-saisonale-angebote","7":"product_tag-offers-de","8":"product_tag--de","10":"first","11":"outofstock","12":"taxable","13":"shipping-taxable","14":"purchasable","15":"product-type-simple"},"_links":{"self":[{"href":"https:\/\/alepposhop.eu\/de\/wp-json\/wp\/v2\/product\/30363"}],"collection":[{"href":"https:\/\/alepposhop.eu\/de\/wp-json\/wp\/v2\/product"}],"about":[{"href":"https:\/\/alepposhop.eu\/de\/wp-json\/wp\/v2\/types\/product"}],"wp:featuredmedia":[{"embeddable":true,"href":"https:\/\/alepposhop.eu\/de\/wp-json\/wp\/v2\/media\/30214"}],"wp:attachment":[{"href":"https:\/\/alepposhop.eu\/de\/wp-json\/wp\/v2\/media?parent=30363"}],"wp:term":[{"taxonomy":"product_brand","embeddable":true,"href":"https:\/\/alepposhop.eu\/de\/wp-json\/wp\/v2\/product_brand?post=30363"},{"taxonomy":"product_cat","embeddable":true,"href":"https:\/\/alepposhop.eu\/de\/wp-json\/wp\/v2\/product_cat?post=30363"},{"taxonomy":"product_tag","embeddable":true,"href":"https:\/\/alepposhop.eu\/de\/wp-json\/wp\/v2\/product_tag?post=30363"}],"curies":[{"name":"wp","href":"https:\/\/api.w.org\/{rel}","templated":true}]}}