{"id":30371,"date":"2024-03-04T19:26:35","date_gmt":"2024-03-04T18:46:01","guid":{"rendered":"https:\/\/alepposhop.eu\/gewuerfelter-kaese-800-g-leichtes-salz\/"},"modified":"2025-02-17T23:40:23","modified_gmt":"2025-02-17T22:40:23","slug":"gewuerfelter-kaese-800-g-leichtes-salz","status":"publish","type":"product","link":"https:\/\/alepposhop.eu\/de\/gewuerfelter-kaese-800-g-leichtes-salz\/","title":{"rendered":"Gew\u00fcrfelter K\u00e4se 800 g Leichtes Salz"},"content":{"rendered":"<p style=\"text-align: center\">Gew\u00fcrfelter K\u00e4se ist ein sehr wichtiges Gericht f\u00fcr das traditionelle arabische Fr\u00fchst\u00fcck und Abendessen. Es zeichnet sich durch den Geschmack von Schwarzk\u00fcmmel, Mastix und Mahlab aus und hat eine feste Textur<\/p>\n<h2 style=\"text-align: center\"><\/h2>\n<p style=\"text-align: center\">\n","protected":false},"excerpt":{"rendered":"<p>K\u00e4se, schwarzer Samen, Fr\u00fchst\u00fcck, Suhoor, Ramadan, Angebote, Angebot,schwarzkummel,milch<\/p>\n","protected":false},"featured_media":35774,"template":"","meta":[],"product_brand":[],"product_cat":[2280],"product_tag":[3502,5482,5497,5525],"class_list":{"0":"post-30371","1":"product","2":"type-product","3":"status-publish","4":"has-post-thumbnail","6":"product_cat-wochentliche-angebote","7":"product_tag-offers-de","8":"product_tag--de","12":"first","13":"outofstock","14":"sold-individually","15":"taxable","16":"shipping-taxable","17":"purchasable","18":"product-type-simple"},"_links":{"self":[{"href":"https:\/\/alepposhop.eu\/de\/wp-json\/wp\/v2\/product\/30371"}],"collection":[{"href":"https:\/\/alepposhop.eu\/de\/wp-json\/wp\/v2\/product"}],"about":[{"href":"https:\/\/alepposhop.eu\/de\/wp-json\/wp\/v2\/types\/product"}],"wp:featuredmedia":[{"embeddable":true,"href":"https:\/\/alepposhop.eu\/de\/wp-json\/wp\/v2\/media\/35774"}],"wp:attachment":[{"href":"https:\/\/alepposhop.eu\/de\/wp-json\/wp\/v2\/media?parent=30371"}],"wp:term":[{"taxonomy":"product_brand","embeddable":true,"href":"https:\/\/alepposhop.eu\/de\/wp-json\/wp\/v2\/product_brand?post=30371"},{"taxonomy":"product_cat","embeddable":true,"href":"https:\/\/alepposhop.eu\/de\/wp-json\/wp\/v2\/product_cat?post=30371"},{"taxonomy":"product_tag","embeddable":true,"href":"https:\/\/alepposhop.eu\/de\/wp-json\/wp\/v2\/product_tag?post=30371"}],"curies":[{"name":"wp","href":"https:\/\/api.w.org\/{rel}","templated":true}]}}