{"id":30375,"date":"2024-03-04T19:26:35","date_gmt":"2024-03-04T18:46:01","guid":{"rendered":"https:\/\/alepposhop.eu\/chilal-kaese-zopf-800-g-leichtes-salz\/"},"modified":"2026-02-10T23:14:03","modified_gmt":"2026-02-10T22:14:03","slug":"chilal-kaese-zopf-800-g-leichtes-salz","status":"publish","type":"product","link":"https:\/\/alepposhop.eu\/de\/chilal-kaese-zopf-800-g-leichtes-salz\/","title":{"rendered":"Chilal-K\u00e4se (Zopf) 800 g Leichtes Salz"},"content":{"rendered":"<p style=\"text-align: center\">Gereifter K\u00e4se ist ein sehr wichtiges Gericht zum traditionellen arabischen Fr\u00fchst\u00fcck und Abendessen. Es schmeckt nach Schwarzk\u00fcmmel, Mastix und Mahlab und hat eine einheitliche Konsistenz.<\/p>\n","protected":false},"excerpt":{"rendered":"<p>K\u00e4se, schwarzer Samen, Fr\u00fchst\u00fcck, Suhoor, Ramadan, Angebote, Angebot,schwarzkummel,milch<\/p>\n","protected":false},"featured_media":35770,"template":"","meta":[],"product_brand":[],"product_cat":[2279],"product_tag":[3502,5482,5497,5525],"class_list":{"0":"post-30375","1":"product","2":"type-product","3":"status-publish","4":"has-post-thumbnail","6":"product_cat-saisonale-angebote","7":"product_tag-offers-de","8":"product_tag--de","12":"first","13":"outofstock","14":"taxable","15":"shipping-taxable","16":"purchasable","17":"product-type-simple"},"_links":{"self":[{"href":"https:\/\/alepposhop.eu\/de\/wp-json\/wp\/v2\/product\/30375"}],"collection":[{"href":"https:\/\/alepposhop.eu\/de\/wp-json\/wp\/v2\/product"}],"about":[{"href":"https:\/\/alepposhop.eu\/de\/wp-json\/wp\/v2\/types\/product"}],"wp:featuredmedia":[{"embeddable":true,"href":"https:\/\/alepposhop.eu\/de\/wp-json\/wp\/v2\/media\/35770"}],"wp:attachment":[{"href":"https:\/\/alepposhop.eu\/de\/wp-json\/wp\/v2\/media?parent=30375"}],"wp:term":[{"taxonomy":"product_brand","embeddable":true,"href":"https:\/\/alepposhop.eu\/de\/wp-json\/wp\/v2\/product_brand?post=30375"},{"taxonomy":"product_cat","embeddable":true,"href":"https:\/\/alepposhop.eu\/de\/wp-json\/wp\/v2\/product_cat?post=30375"},{"taxonomy":"product_tag","embeddable":true,"href":"https:\/\/alepposhop.eu\/de\/wp-json\/wp\/v2\/product_tag?post=30375"}],"curies":[{"name":"wp","href":"https:\/\/api.w.org\/{rel}","templated":true}]}}