{"id":30379,"date":"2024-03-04T19:26:35","date_gmt":"2024-03-04T18:46:01","guid":{"rendered":"https:\/\/alepposhop.eu\/maulbeersirup-2\/"},"modified":"2024-03-25T00:00:11","modified_gmt":"2024-03-24T23:00:11","slug":"maulbeersirup-2","status":"publish","type":"product","link":"https:\/\/alepposhop.eu\/de\/maulbeersirup-2\/","title":{"rendered":"Maulbeersirup"},"content":{"rendered":"<p style=\"text-align: center;\">Mulberry Sirup ist einer der ber\u00fchmten Ramadan-Getr\u00e4nke mit einem k\u00f6stlichen und erfrischenden Geschmack, der durst, 100% nat\u00fcrlich<\/p>\n<h2 style=\"text-align: center;\">Saft, Getr\u00e4nk, Konzentrat, Ramadan, Eid, Ausstellung, Ausstellung, syrische Beeren<\/h2>\n<h2 style=\"text-align: center;\">saisonale Angebote<\/h2>\n<p style=\"text-align: center;\">Getr\u00e4nk<\/p>\n<p style=\"text-align: center;\">Aleppo market<\/p>\n<p style=\"text-align: center;\">Maulbeersaft ,zucker<\/p>\n<p style=\"text-align: center;\">\n","protected":false},"excerpt":{"rendered":"<p>Saft, Getr\u00e4nk, Konzentrat, Ramadan, Eid, Ausstellung, Ausstellung, syrische Beeren<\/p>\n","protected":false},"featured_media":30230,"template":"","meta":[],"product_brand":[],"product_cat":[2280],"product_tag":[3502,5525],"class_list":{"0":"post-30379","1":"product","2":"type-product","3":"status-publish","4":"has-post-thumbnail","6":"product_cat-wochentliche-angebote","7":"product_tag-offers-de","8":"product_tag--de","10":"first","11":"outofstock","12":"taxable","13":"shipping-taxable","14":"purchasable","15":"product-type-simple"},"_links":{"self":[{"href":"https:\/\/alepposhop.eu\/de\/wp-json\/wp\/v2\/product\/30379"}],"collection":[{"href":"https:\/\/alepposhop.eu\/de\/wp-json\/wp\/v2\/product"}],"about":[{"href":"https:\/\/alepposhop.eu\/de\/wp-json\/wp\/v2\/types\/product"}],"wp:featuredmedia":[{"embeddable":true,"href":"https:\/\/alepposhop.eu\/de\/wp-json\/wp\/v2\/media\/30230"}],"wp:attachment":[{"href":"https:\/\/alepposhop.eu\/de\/wp-json\/wp\/v2\/media?parent=30379"}],"wp:term":[{"taxonomy":"product_brand","embeddable":true,"href":"https:\/\/alepposhop.eu\/de\/wp-json\/wp\/v2\/product_brand?post=30379"},{"taxonomy":"product_cat","embeddable":true,"href":"https:\/\/alepposhop.eu\/de\/wp-json\/wp\/v2\/product_cat?post=30379"},{"taxonomy":"product_tag","embeddable":true,"href":"https:\/\/alepposhop.eu\/de\/wp-json\/wp\/v2\/product_tag?post=30379"}],"curies":[{"name":"wp","href":"https:\/\/api.w.org\/{rel}","templated":true}]}}