{"id":30646,"date":"2024-03-15T20:39:42","date_gmt":"2024-03-15T19:39:42","guid":{"rendered":"https:\/\/alepposhop.eu\/cotten-candy-pistazien-aleppo-style\/"},"modified":"2024-03-29T16:23:20","modified_gmt":"2024-03-29T15:23:20","slug":"cotten-candy-pistazien-aleppo-style","status":"publish","type":"product","link":"https:\/\/alepposhop.eu\/de\/cotten-candy-pistazien-aleppo-style\/","title":{"rendered":"Cotten Candy Pistazien ( Aleppo Style)"},"content":{"rendered":"<p style=\"text-align: center\">12 St\u00fcck<\/p>\n<p style=\"text-align: center\">840 gr<\/p>\n<p style=\"text-align: center\">Zuckerwatte mit Pistazien gilt als eine der ber\u00fchmtesten S\u00fc\u00dfigkeiten, die Menschen von der Antike bis heute gegessen haben, und ist eine der k\u00f6stlichsten Lieblingss\u00fc\u00dfigkeiten f\u00fcr Erwachsene und Kinder.<\/p>\n","protected":false},"excerpt":{"rendered":"<p>12 St\u00fcck 840 gr Zuckerwatte mit Pistazien gilt als eine der ber\u00fchmtesten S\u00fc\u00dfigkeiten, die Menschen von der Antike bis heute gegessen haben, und ist eine der k\u00f6stlichsten Lieblingss\u00fc\u00dfigkeiten f\u00fcr Erwachsene und Kinder.<\/p>\n","protected":false},"featured_media":30649,"template":"","meta":[],"product_brand":[],"product_cat":[72,73],"product_tag":[5497],"class_list":{"0":"post-30646","1":"product","2":"type-product","3":"status-publish","4":"has-post-thumbnail","6":"product_cat-orientalische-susigkeiten","7":"product_cat-bonbons-und-kekse","8":"product_tag--de","10":"first","11":"outofstock","12":"taxable","13":"shipping-taxable","14":"purchasable","15":"product-type-simple"},"_links":{"self":[{"href":"https:\/\/alepposhop.eu\/de\/wp-json\/wp\/v2\/product\/30646"}],"collection":[{"href":"https:\/\/alepposhop.eu\/de\/wp-json\/wp\/v2\/product"}],"about":[{"href":"https:\/\/alepposhop.eu\/de\/wp-json\/wp\/v2\/types\/product"}],"wp:featuredmedia":[{"embeddable":true,"href":"https:\/\/alepposhop.eu\/de\/wp-json\/wp\/v2\/media\/30649"}],"wp:attachment":[{"href":"https:\/\/alepposhop.eu\/de\/wp-json\/wp\/v2\/media?parent=30646"}],"wp:term":[{"taxonomy":"product_brand","embeddable":true,"href":"https:\/\/alepposhop.eu\/de\/wp-json\/wp\/v2\/product_brand?post=30646"},{"taxonomy":"product_cat","embeddable":true,"href":"https:\/\/alepposhop.eu\/de\/wp-json\/wp\/v2\/product_cat?post=30646"},{"taxonomy":"product_tag","embeddable":true,"href":"https:\/\/alepposhop.eu\/de\/wp-json\/wp\/v2\/product_tag?post=30646"}],"curies":[{"name":"wp","href":"https:\/\/api.w.org\/{rel}","templated":true}]}}