{"id":30713,"date":"2024-03-18T00:08:04","date_gmt":"2024-03-17T23:08:04","guid":{"rendered":"https:\/\/alepposhop.eu\/pur-sahlab-pulver\/"},"modified":"2025-02-02T22:53:58","modified_gmt":"2025-02-02T21:53:58","slug":"pur-sahlab-pulver","status":"publish","type":"product","link":"https:\/\/alepposhop.eu\/de\/pur-sahlab-pulver\/","title":{"rendered":"Pur Sahlab (Pulver)"},"content":{"rendered":"<p style=\"text-align: center\">100 gr<\/p>\n<p style=\"text-align: center\">Sahlab ist ein beliebtes Getr\u00e4nk in der Mittlerer Osten<\/p>\n<p style=\"text-align: center\">Sahlab-Getr\u00e4nk besteht haupts\u00e4chlich aus Milch und pulverisierten Orchideenknollen<\/p>\n<p style=\"text-align: center\">sahlab Orchideen k\u00f6nnen auch zur Herstellung von S\u00fc\u00dfigkeiten verwendet werden, beispielsweise f\u00fcr arabisches Eis mit Pistazien<\/p>\n","protected":false},"excerpt":{"rendered":"<p>100 gr Sahlab ist ein beliebtes Getr\u00e4nk in der Mittlerer Osten Sahlab-Getr\u00e4nk besteht haupts\u00e4chlich aus Milch und pulverisierten Orchideenknollen sahlab Orchideen k\u00f6nnen auch zur Herstellung von S\u00fc\u00dfigkeiten verwendet werden, beispielsweise f\u00fcr arabisches Eis mit Pistazien<\/p>\n","protected":false},"featured_media":30710,"template":"","meta":[],"product_brand":[],"product_cat":[70,2352],"product_tag":[],"class_list":{"0":"post-30713","1":"product","2":"type-product","3":"status-publish","4":"has-post-thumbnail","6":"product_cat-krauter-und-ptisan","7":"product_cat-warme-getraenke","9":"first","10":"instock","11":"taxable","12":"shipping-taxable","13":"purchasable","14":"product-type-simple"},"_links":{"self":[{"href":"https:\/\/alepposhop.eu\/de\/wp-json\/wp\/v2\/product\/30713"}],"collection":[{"href":"https:\/\/alepposhop.eu\/de\/wp-json\/wp\/v2\/product"}],"about":[{"href":"https:\/\/alepposhop.eu\/de\/wp-json\/wp\/v2\/types\/product"}],"wp:featuredmedia":[{"embeddable":true,"href":"https:\/\/alepposhop.eu\/de\/wp-json\/wp\/v2\/media\/30710"}],"wp:attachment":[{"href":"https:\/\/alepposhop.eu\/de\/wp-json\/wp\/v2\/media?parent=30713"}],"wp:term":[{"taxonomy":"product_brand","embeddable":true,"href":"https:\/\/alepposhop.eu\/de\/wp-json\/wp\/v2\/product_brand?post=30713"},{"taxonomy":"product_cat","embeddable":true,"href":"https:\/\/alepposhop.eu\/de\/wp-json\/wp\/v2\/product_cat?post=30713"},{"taxonomy":"product_tag","embeddable":true,"href":"https:\/\/alepposhop.eu\/de\/wp-json\/wp\/v2\/product_tag?post=30713"}],"curies":[{"name":"wp","href":"https:\/\/api.w.org\/{rel}","templated":true}]}}