{"id":31224,"date":"2024-03-23T11:43:22","date_gmt":"2024-03-23T11:10:03","guid":{"rendered":"https:\/\/alepposhop.eu\/nashid-brothers-sparkling-candy-swissral\/"},"modified":"2024-03-23T12:10:17","modified_gmt":"2024-03-23T11:10:17","slug":"nashid-brothers-sparkling-candy-swissral","status":"publish","type":"product","link":"https:\/\/alepposhop.eu\/de\/nashid-brothers-sparkling-candy-swissral\/","title":{"rendered":"Nashid Brothers Sparkling Candy (Swissral)"},"content":{"rendered":"<p style=\"text-align: center;\">Die ber\u00fchmte und k\u00f6stliche S\u00fc\u00dfigkeit der Nashid Brothers, die sich durch ihren spritzigen Geschmack auszeichnet<\/p>\n<h2 style=\"text-align: center;\">Nashid, S\u00fc\u00dfigkeiten, Tropfen, Bonbons, S\u00fc\u00dfigkeiten, Eid, Ramadan,<\/h2>\n<h2 style=\"text-align: center;\">Orientalische S\u00fc\u00dfigkeiten<\/h2>\n<p style=\"text-align: center;\">S\u00fc\u00dfigkeiten<\/p>\n<p style=\"text-align: center;\">Nashid Brothers<\/p>\n<p style=\"text-align: center;\">Zucker, St\u00e4rke, Butter, Vanille, Sirup, Wasser, Orangenschaum<\/p>\n<p style=\"text-align: center;\">\n","protected":false},"excerpt":{"rendered":"<p>Nashid, S\u00fc\u00dfigkeiten, Tropfen, Bonbons, S\u00fc\u00dfigkeiten, Eid, Ramadan,<\/p>\n","protected":false},"featured_media":30969,"template":"","meta":[],"product_brand":[],"product_cat":[73],"product_tag":[5497],"class_list":{"0":"post-31224","1":"product","2":"type-product","3":"status-publish","4":"has-post-thumbnail","6":"product_cat-bonbons-und-kekse","7":"product_tag--de","9":"first","10":"outofstock","11":"taxable","12":"shipping-taxable","13":"purchasable","14":"product-type-simple"},"_links":{"self":[{"href":"https:\/\/alepposhop.eu\/de\/wp-json\/wp\/v2\/product\/31224"}],"collection":[{"href":"https:\/\/alepposhop.eu\/de\/wp-json\/wp\/v2\/product"}],"about":[{"href":"https:\/\/alepposhop.eu\/de\/wp-json\/wp\/v2\/types\/product"}],"wp:featuredmedia":[{"embeddable":true,"href":"https:\/\/alepposhop.eu\/de\/wp-json\/wp\/v2\/media\/30969"}],"wp:attachment":[{"href":"https:\/\/alepposhop.eu\/de\/wp-json\/wp\/v2\/media?parent=31224"}],"wp:term":[{"taxonomy":"product_brand","embeddable":true,"href":"https:\/\/alepposhop.eu\/de\/wp-json\/wp\/v2\/product_brand?post=31224"},{"taxonomy":"product_cat","embeddable":true,"href":"https:\/\/alepposhop.eu\/de\/wp-json\/wp\/v2\/product_cat?post=31224"},{"taxonomy":"product_tag","embeddable":true,"href":"https:\/\/alepposhop.eu\/de\/wp-json\/wp\/v2\/product_tag?post=31224"}],"curies":[{"name":"wp","href":"https:\/\/api.w.org\/{rel}","templated":true}]}}