{"id":31232,"date":"2024-03-23T11:43:22","date_gmt":"2024-03-23T11:10:03","guid":{"rendered":"https:\/\/alepposhop.eu\/milk-nashid-brothers-swissral\/"},"modified":"2024-03-23T12:10:24","modified_gmt":"2024-03-23T11:10:24","slug":"milk-nashid-brothers-swissral","status":"publish","type":"product","link":"https:\/\/alepposhop.eu\/de\/milk-nashid-brothers-swissral\/","title":{"rendered":"Milk Nashid Brothers (Swissral)"},"content":{"rendered":"<p style=\"text-align: center;\">Die ber\u00fchmte und k\u00f6stliche S\u00fc\u00dfigkeit der Nashid Brothers, die sich durch ihren Milchgeschmack auszeichnet<\/p>\n<h2 style=\"text-align: center;\">Nashid, S\u00fc\u00dfigkeiten, Tropfen, Bonbons, S\u00fc\u00dfigkeiten, Eid, Ramadan,<\/h2>\n<h2 style=\"text-align: center;\">Orientalische S\u00fc\u00dfigkeiten<\/h2>\n<p style=\"text-align: center;\">S\u00fc\u00dfigkeiten<\/p>\n<p style=\"text-align: center;\">Nashid Brothers<\/p>\n<p style=\"text-align: center;\">Zucker, St\u00e4rke, Butter, Vanille, Sirup, Wasser, Milch<\/p>\n<p style=\"text-align: center;\">\n","protected":false},"excerpt":{"rendered":"<p>Nashid, S\u00fc\u00dfigkeiten, Tropfen, Bonbons, S\u00fc\u00dfigkeiten, Eid, Ramadan,<\/p>\n","protected":false},"featured_media":30975,"template":"","meta":[],"product_brand":[],"product_cat":[73],"product_tag":[5497,5876,5879,5880,5890],"class_list":{"0":"post-31232","1":"product","2":"type-product","3":"status-publish","4":"has-post-thumbnail","6":"product_cat-bonbons-und-kekse","7":"product_tag--de","13":"first","14":"outofstock","15":"taxable","16":"shipping-taxable","17":"purchasable","18":"product-type-simple"},"_links":{"self":[{"href":"https:\/\/alepposhop.eu\/de\/wp-json\/wp\/v2\/product\/31232"}],"collection":[{"href":"https:\/\/alepposhop.eu\/de\/wp-json\/wp\/v2\/product"}],"about":[{"href":"https:\/\/alepposhop.eu\/de\/wp-json\/wp\/v2\/types\/product"}],"wp:featuredmedia":[{"embeddable":true,"href":"https:\/\/alepposhop.eu\/de\/wp-json\/wp\/v2\/media\/30975"}],"wp:attachment":[{"href":"https:\/\/alepposhop.eu\/de\/wp-json\/wp\/v2\/media?parent=31232"}],"wp:term":[{"taxonomy":"product_brand","embeddable":true,"href":"https:\/\/alepposhop.eu\/de\/wp-json\/wp\/v2\/product_brand?post=31232"},{"taxonomy":"product_cat","embeddable":true,"href":"https:\/\/alepposhop.eu\/de\/wp-json\/wp\/v2\/product_cat?post=31232"},{"taxonomy":"product_tag","embeddable":true,"href":"https:\/\/alepposhop.eu\/de\/wp-json\/wp\/v2\/product_tag?post=31232"}],"curies":[{"name":"wp","href":"https:\/\/api.w.org\/{rel}","templated":true}]}}