{"id":31236,"date":"2024-03-23T11:43:22","date_gmt":"2024-03-23T11:10:03","guid":{"rendered":"https:\/\/alepposhop.eu\/griessmamoul-mit-datteln-aleppo-pistazien\/"},"modified":"2026-03-08T17:04:55","modified_gmt":"2026-03-08T16:04:55","slug":"griessmamoul-mit-datteln-aleppo-pistazien","status":"publish","type":"product","link":"https:\/\/alepposhop.eu\/de\/griessmamoul-mit-datteln-aleppo-pistazien\/","title":{"rendered":"Grie\u00dfmamoul mit Datteln (Aleppo-Pistazien)"},"content":{"rendered":"<p style=\"text-align: center\">Mit Datteln gef\u00fcllte Grie\u00df-Maamoul-Kekse geh\u00f6ren zu den feinsten Backwaren und sind in den Feiertagen am beliebtesten<\/p>\n<h2 style=\"text-align: center\">Datteln, s\u00fc\u00df, Maamoul, Kuchen, Eid, Ramadan, Angebot, Angebote, Grie\u00df<\/h2>\n<h2 style=\"text-align: center\">Orientalische S\u00fc\u00dfigkeiten<\/h2>\n<p style=\"text-align: center\">Arabisch s\u00fc\u00df<\/p>\n<p style=\"text-align: center\">Aleppo pistachios<\/p>\n<p style=\"text-align: center\">Zucker, Grie\u00df, Datteln, Ghee,<\/p>\n<p style=\"text-align: center\">\n","protected":false},"excerpt":{"rendered":"<p>Datteln, s\u00fc\u00df, Maamoul, Kuchen, Eid, Ramadan, Angebot, Angebote, Grie\u00df<\/p>\n","protected":false},"featured_media":30978,"template":"","meta":[],"product_brand":[],"product_cat":[5845,72],"product_tag":[3502,5497,5525,5879],"class_list":{"0":"post-31236","1":"product","2":"type-product","3":"status-publish","4":"has-post-thumbnail","6":"product_cat-auktion","7":"product_cat-orientalische-susigkeiten","8":"product_tag-offers-de","9":"product_tag--de","13":"first","14":"instock","15":"sale","16":"taxable","17":"shipping-taxable","18":"purchasable","19":"product-type-simple"},"_links":{"self":[{"href":"https:\/\/alepposhop.eu\/de\/wp-json\/wp\/v2\/product\/31236"}],"collection":[{"href":"https:\/\/alepposhop.eu\/de\/wp-json\/wp\/v2\/product"}],"about":[{"href":"https:\/\/alepposhop.eu\/de\/wp-json\/wp\/v2\/types\/product"}],"wp:featuredmedia":[{"embeddable":true,"href":"https:\/\/alepposhop.eu\/de\/wp-json\/wp\/v2\/media\/30978"}],"wp:attachment":[{"href":"https:\/\/alepposhop.eu\/de\/wp-json\/wp\/v2\/media?parent=31236"}],"wp:term":[{"taxonomy":"product_brand","embeddable":true,"href":"https:\/\/alepposhop.eu\/de\/wp-json\/wp\/v2\/product_brand?post=31236"},{"taxonomy":"product_cat","embeddable":true,"href":"https:\/\/alepposhop.eu\/de\/wp-json\/wp\/v2\/product_cat?post=31236"},{"taxonomy":"product_tag","embeddable":true,"href":"https:\/\/alepposhop.eu\/de\/wp-json\/wp\/v2\/product_tag?post=31236"}],"curies":[{"name":"wp","href":"https:\/\/api.w.org\/{rel}","templated":true}]}}