{"id":31240,"date":"2024-03-23T11:43:22","date_gmt":"2024-03-23T11:10:03","guid":{"rendered":"https:\/\/alepposhop.eu\/griess-eid-kaak-aleppo-pistazie\/"},"modified":"2026-03-08T17:04:55","modified_gmt":"2026-03-08T16:04:55","slug":"griess-eid-kaak-aleppo-pistazie","status":"publish","type":"product","link":"https:\/\/alepposhop.eu\/de\/griess-eid-kaak-aleppo-pistazie\/","title":{"rendered":"Grie\u00df Eid Kaak (Aleppo-Pistazie)"},"content":{"rendered":"<p style=\"text-align: center\">Eid-Kekse mit Grie\u00df sind eines der besten und ber\u00fchmtesten Geb\u00e4cke w\u00e4hrend der Feiertage<\/p>\n<h2 style=\"text-align: center\">Arabische S\u00fc\u00dfigkeiten, S\u00fc\u00dfigkeiten, arabisches Ghee, Ghee, Pistazien, Aleppo, Eid, Angebot, Angebote<\/h2>\n<h2 style=\"text-align: center\">Orientalische S\u00fc\u00dfigkeiten<\/h2>\n<p style=\"text-align: center\">Arabisch s\u00fc\u00df<\/p>\n<p style=\"text-align: center\">Aleppo pistachios<\/p>\n<p style=\"text-align: center\">Zucker, Grie\u00df, Zucker, Ghee<\/p>\n<p style=\"text-align: center\">\n","protected":false},"excerpt":{"rendered":"<p>Arabische S\u00fc\u00dfigkeiten, S\u00fc\u00dfigkeiten, arabisches Ghee, Ghee, Pistazien, Aleppo, Eid, Angebot, Angebote<\/p>\n","protected":false},"featured_media":30981,"template":"","meta":[],"product_brand":[],"product_cat":[72],"product_tag":[5873,5874,5875,5876,5877,5878,5879,5880],"class_list":{"0":"post-31240","1":"product","2":"type-product","3":"status-publish","4":"has-post-thumbnail","6":"product_cat-orientalische-susigkeiten","7":"product_tag--de","9":"product_tag---de","16":"first","17":"outofstock","18":"taxable","19":"shipping-taxable","20":"purchasable","21":"product-type-simple"},"_links":{"self":[{"href":"https:\/\/alepposhop.eu\/de\/wp-json\/wp\/v2\/product\/31240"}],"collection":[{"href":"https:\/\/alepposhop.eu\/de\/wp-json\/wp\/v2\/product"}],"about":[{"href":"https:\/\/alepposhop.eu\/de\/wp-json\/wp\/v2\/types\/product"}],"wp:featuredmedia":[{"embeddable":true,"href":"https:\/\/alepposhop.eu\/de\/wp-json\/wp\/v2\/media\/30981"}],"wp:attachment":[{"href":"https:\/\/alepposhop.eu\/de\/wp-json\/wp\/v2\/media?parent=31240"}],"wp:term":[{"taxonomy":"product_brand","embeddable":true,"href":"https:\/\/alepposhop.eu\/de\/wp-json\/wp\/v2\/product_brand?post=31240"},{"taxonomy":"product_cat","embeddable":true,"href":"https:\/\/alepposhop.eu\/de\/wp-json\/wp\/v2\/product_cat?post=31240"},{"taxonomy":"product_tag","embeddable":true,"href":"https:\/\/alepposhop.eu\/de\/wp-json\/wp\/v2\/product_tag?post=31240"}],"curies":[{"name":"wp","href":"https:\/\/api.w.org\/{rel}","templated":true}]}}