{"id":31260,"date":"2024-03-23T11:43:52","date_gmt":"2024-03-23T11:10:44","guid":{"rendered":"https:\/\/alepposhop.eu\/petitfour-aleppo-pistazie\/"},"modified":"2024-06-09T23:29:08","modified_gmt":"2024-06-09T21:29:08","slug":"petitfour-aleppo-pistazie","status":"publish","type":"product","link":"https:\/\/alepposhop.eu\/de\/petitfour-aleppo-pistazie\/","title":{"rendered":"Petitfour (Aleppo-Pistazie)"},"content":{"rendered":"<p style=\"text-align: center;\">Petitfour ist eines der besten und ber\u00fchmtesten Geb\u00e4cke w\u00e4hrend der Feiertage<\/p>\n<h2 style=\"text-align: center;\">Arabische S\u00fc\u00dfigkeiten, S\u00fc\u00dfigkeiten, arabisches Ghee, Ghee, Pistazien, Aleppo, Eid, Angebot, Angebote<\/h2>\n<h2 style=\"text-align: center;\">Orientalische S\u00fc\u00dfigkeiten<\/h2>\n<p style=\"text-align: center;\">petitfor<\/p>\n<p style=\"text-align: center;\">Aleppo pistachios<\/p>\n<p style=\"text-align: center;\">Zucker, St\u00e4rke, Mehl, Eier, Ghee<\/p>\n<p style=\"text-align: center;\">\n","protected":false},"excerpt":{"rendered":"<p>Arabische S\u00fc\u00dfigkeiten, S\u00fc\u00dfigkeiten, arabisches Ghee, Ghee, Pistazien, Aleppo, Eid, Angebot, Angebote<\/p>\n","protected":false},"featured_media":30996,"template":"","meta":[],"product_brand":[],"product_cat":[72],"product_tag":[],"class_list":{"0":"post-31260","1":"product","2":"type-product","3":"status-publish","4":"has-post-thumbnail","6":"product_cat-orientalische-susigkeiten","8":"first","9":"outofstock","10":"taxable","11":"shipping-taxable","12":"purchasable","13":"product-type-simple"},"_links":{"self":[{"href":"https:\/\/alepposhop.eu\/de\/wp-json\/wp\/v2\/product\/31260"}],"collection":[{"href":"https:\/\/alepposhop.eu\/de\/wp-json\/wp\/v2\/product"}],"about":[{"href":"https:\/\/alepposhop.eu\/de\/wp-json\/wp\/v2\/types\/product"}],"wp:featuredmedia":[{"embeddable":true,"href":"https:\/\/alepposhop.eu\/de\/wp-json\/wp\/v2\/media\/30996"}],"wp:attachment":[{"href":"https:\/\/alepposhop.eu\/de\/wp-json\/wp\/v2\/media?parent=31260"}],"wp:term":[{"taxonomy":"product_brand","embeddable":true,"href":"https:\/\/alepposhop.eu\/de\/wp-json\/wp\/v2\/product_brand?post=31260"},{"taxonomy":"product_cat","embeddable":true,"href":"https:\/\/alepposhop.eu\/de\/wp-json\/wp\/v2\/product_cat?post=31260"},{"taxonomy":"product_tag","embeddable":true,"href":"https:\/\/alepposhop.eu\/de\/wp-json\/wp\/v2\/product_tag?post=31260"}],"curies":[{"name":"wp","href":"https:\/\/api.w.org\/{rel}","templated":true}]}}