{"id":31276,"date":"2024-03-23T11:44:18","date_gmt":"2024-03-23T11:11:19","guid":{"rendered":"https:\/\/alepposhop.eu\/extra-arabische-suessigkeit-mit-pistazien-aleppo-pistazien\/"},"modified":"2025-03-26T16:41:41","modified_gmt":"2025-03-26T15:41:41","slug":"extra-arabische-suessigkeit-mit-pistazien-aleppo-pistazien","status":"publish","type":"product","link":"https:\/\/alepposhop.eu\/de\/extra-arabische-suessigkeit-mit-pistazien-aleppo-pistazien\/","title":{"rendered":"Extra arabische S\u00fc\u00dfigkeit mit Pistazien (Aleppo-Pistazien)"},"content":{"rendered":"<p style=\"text-align: center;\">S\u00fc\u00df mit arabischem Ghee und Pistazien, eine der feinsten und ber\u00fchmtesten Arten von Aleppo-S\u00fc\u00dfigkeiten<\/p>\n<h2 style=\"text-align: center;\">Arabische S\u00fc\u00dfigkeiten, S\u00fc\u00dfigkeiten, arabisches Ghee, Ghee, Pistazien, Aleppo, Eid, Angebot, Angebote<\/h2>\n<h2 style=\"text-align: center;\">Orientalische S\u00fc\u00dfigkeiten<\/h2>\n<p style=\"text-align: center;\">Arabisch s\u00fc\u00df<\/p>\n<p style=\"text-align: center;\">Aleppo pistachios<\/p>\n<p style=\"text-align: center;\">Pistazien, Zucker, St\u00e4rke, Rosenwasser, Mastix<\/p>\n<p style=\"text-align: center;\">\n","protected":false},"excerpt":{"rendered":"<p>Arabische S\u00fc\u00dfigkeiten, S\u00fc\u00dfigkeiten, arabisches Ghee, Ghee, Pistazien, Aleppo, Eid, Angebot, Angebote<\/p>\n","protected":false},"featured_media":31008,"template":"","meta":[],"product_brand":[],"product_cat":[72],"product_tag":[],"class_list":{"0":"post-31276","1":"product","2":"type-product","3":"status-publish","4":"has-post-thumbnail","6":"product_cat-orientalische-susigkeiten","8":"first","9":"outofstock","10":"taxable","11":"shipping-taxable","12":"purchasable","13":"product-type-simple"},"_links":{"self":[{"href":"https:\/\/alepposhop.eu\/de\/wp-json\/wp\/v2\/product\/31276"}],"collection":[{"href":"https:\/\/alepposhop.eu\/de\/wp-json\/wp\/v2\/product"}],"about":[{"href":"https:\/\/alepposhop.eu\/de\/wp-json\/wp\/v2\/types\/product"}],"wp:featuredmedia":[{"embeddable":true,"href":"https:\/\/alepposhop.eu\/de\/wp-json\/wp\/v2\/media\/31008"}],"wp:attachment":[{"href":"https:\/\/alepposhop.eu\/de\/wp-json\/wp\/v2\/media?parent=31276"}],"wp:term":[{"taxonomy":"product_brand","embeddable":true,"href":"https:\/\/alepposhop.eu\/de\/wp-json\/wp\/v2\/product_brand?post=31276"},{"taxonomy":"product_cat","embeddable":true,"href":"https:\/\/alepposhop.eu\/de\/wp-json\/wp\/v2\/product_cat?post=31276"},{"taxonomy":"product_tag","embeddable":true,"href":"https:\/\/alepposhop.eu\/de\/wp-json\/wp\/v2\/product_tag?post=31276"}],"curies":[{"name":"wp","href":"https:\/\/api.w.org\/{rel}","templated":true}]}}