{"id":31280,"date":"2024-03-23T11:44:18","date_gmt":"2024-03-23T11:11:19","guid":{"rendered":"https:\/\/alepposhop.eu\/cardemom-toffee-nashid-brothers\/"},"modified":"2024-03-23T12:11:28","modified_gmt":"2024-03-23T11:11:28","slug":"cardemom-toffee-nashid-brothers","status":"publish","type":"product","link":"https:\/\/alepposhop.eu\/de\/cardemom-toffee-nashid-brothers\/","title":{"rendered":"Cardemom Toffee Nashid Brothers"},"content":{"rendered":"<p style=\"text-align: center;\">Die S\u00fc\u00dfigkeiten von Nashid Brothers sind ber\u00fchmt und k\u00f6stlich, mit Kardamomgeschmack<\/p>\n<h2 style=\"text-align: center;\">Nashid, S\u00fc\u00dfigkeiten, Tropfen, Bonbons, S\u00fc\u00dfigkeiten, Eid, Ramadan, Angebot, Angebote<\/h2>\n<h2 style=\"text-align: center;\">Bonbons und Kekse<\/h2>\n<p style=\"text-align: center;\">S\u00fc\u00dfigkeiten<\/p>\n<p style=\"text-align: center;\">Nashid Brothers<\/p>\n<p style=\"text-align: center;\">Zucker, St\u00e4rke, Butter, Vanille, Sirup, Wasser, Aromen<\/p>\n<p style=\"text-align: center;\">\n","protected":false},"excerpt":{"rendered":"<p>Nashid, S\u00fc\u00dfigkeiten, Tropfen, Bonbons, S\u00fc\u00dfigkeiten, Eid, Ramadan, Angebot, Angebote<\/p>\n","protected":false},"featured_media":31011,"template":"","meta":[],"product_brand":[],"product_cat":[73],"product_tag":[5497],"class_list":{"0":"post-31280","1":"product","2":"type-product","3":"status-publish","4":"has-post-thumbnail","6":"product_cat-bonbons-und-kekse","7":"product_tag--de","9":"first","10":"instock","11":"taxable","12":"shipping-taxable","13":"purchasable","14":"product-type-simple"},"_links":{"self":[{"href":"https:\/\/alepposhop.eu\/de\/wp-json\/wp\/v2\/product\/31280"}],"collection":[{"href":"https:\/\/alepposhop.eu\/de\/wp-json\/wp\/v2\/product"}],"about":[{"href":"https:\/\/alepposhop.eu\/de\/wp-json\/wp\/v2\/types\/product"}],"wp:featuredmedia":[{"embeddable":true,"href":"https:\/\/alepposhop.eu\/de\/wp-json\/wp\/v2\/media\/31011"}],"wp:attachment":[{"href":"https:\/\/alepposhop.eu\/de\/wp-json\/wp\/v2\/media?parent=31280"}],"wp:term":[{"taxonomy":"product_brand","embeddable":true,"href":"https:\/\/alepposhop.eu\/de\/wp-json\/wp\/v2\/product_brand?post=31280"},{"taxonomy":"product_cat","embeddable":true,"href":"https:\/\/alepposhop.eu\/de\/wp-json\/wp\/v2\/product_cat?post=31280"},{"taxonomy":"product_tag","embeddable":true,"href":"https:\/\/alepposhop.eu\/de\/wp-json\/wp\/v2\/product_tag?post=31280"}],"curies":[{"name":"wp","href":"https:\/\/api.w.org\/{rel}","templated":true}]}}