{"id":31284,"date":"2024-03-23T11:44:18","date_gmt":"2024-03-23T11:11:19","guid":{"rendered":"https:\/\/alepposhop.eu\/wassergummi-pur-gum\/"},"modified":"2024-03-23T12:11:32","modified_gmt":"2024-03-23T11:11:32","slug":"wassergummi-pur-gum","status":"publish","type":"product","link":"https:\/\/alepposhop.eu\/de\/wassergummi-pur-gum\/","title":{"rendered":"Wassergummi (Pur Gum )"},"content":{"rendered":"<p style=\"text-align: center;\">Wassergummi ist ein Gummi, der aus den St\u00e4mmen einiger B\u00e4ume hergestellt wird, beispielsweise von Pistazien-, Weihrauch- oder gr\u00fcnen Bohnenb\u00e4umen. Es kann gegessen werden, indem man es wie Kaugummi oder Gummi kaut, oder indem man es in Wasser einweicht und seinen Aufguss trinkt, und es hat gro\u00dfe Vorteile f\u00fcr Haut, Haare und die allgemeine Gesundheit.<\/p>\n<h2 style=\"text-align: center;\">Kaugummi, Batum, Batam, Kauen, Kauen,<\/h2>\n<h2 style=\"text-align: center;\">Bonbons und Kekse<\/h2>\n<p style=\"text-align: center;\">Gummi<\/p>\n<p style=\"text-align: center;\">Aleppo pistachios<\/p>\n<p style=\"text-align: center;\">Reiner Kaugummi<\/p>\n<p style=\"text-align: center;\">\n","protected":false},"excerpt":{"rendered":"<p>Kaugummi, Batum, Batam, Kauen, Kauen,<\/p>\n","protected":false},"featured_media":31014,"template":"","meta":[],"product_brand":[],"product_cat":[73],"product_tag":[],"class_list":{"0":"post-31284","1":"product","2":"type-product","3":"status-publish","4":"has-post-thumbnail","6":"product_cat-bonbons-und-kekse","8":"first","9":"instock","10":"taxable","11":"shipping-taxable","12":"purchasable","13":"product-type-simple"},"_links":{"self":[{"href":"https:\/\/alepposhop.eu\/de\/wp-json\/wp\/v2\/product\/31284"}],"collection":[{"href":"https:\/\/alepposhop.eu\/de\/wp-json\/wp\/v2\/product"}],"about":[{"href":"https:\/\/alepposhop.eu\/de\/wp-json\/wp\/v2\/types\/product"}],"wp:featuredmedia":[{"embeddable":true,"href":"https:\/\/alepposhop.eu\/de\/wp-json\/wp\/v2\/media\/31014"}],"wp:attachment":[{"href":"https:\/\/alepposhop.eu\/de\/wp-json\/wp\/v2\/media?parent=31284"}],"wp:term":[{"taxonomy":"product_brand","embeddable":true,"href":"https:\/\/alepposhop.eu\/de\/wp-json\/wp\/v2\/product_brand?post=31284"},{"taxonomy":"product_cat","embeddable":true,"href":"https:\/\/alepposhop.eu\/de\/wp-json\/wp\/v2\/product_cat?post=31284"},{"taxonomy":"product_tag","embeddable":true,"href":"https:\/\/alepposhop.eu\/de\/wp-json\/wp\/v2\/product_tag?post=31284"}],"curies":[{"name":"wp","href":"https:\/\/api.w.org\/{rel}","templated":true}]}}