{"id":31288,"date":"2024-03-23T11:44:18","date_gmt":"2024-03-23T11:11:19","guid":{"rendered":"https:\/\/alepposhop.eu\/butterkekse-majouka-mit-aleppo-pistazien-aleppo-pistazien0\/"},"modified":"2025-03-29T11:25:23","modified_gmt":"2025-03-29T10:25:23","slug":"butterkekse-majouka-mit-aleppo-pistazien-aleppo-pistazien0","status":"publish","type":"product","link":"https:\/\/alepposhop.eu\/de\/butterkekse-majouka-mit-aleppo-pistazien-aleppo-pistazien0\/","title":{"rendered":"Butterkekse Majouka mit Aleppo-Pistazien (Aleppo-Pistazien)0"},"content":{"rendered":"<p style=\"text-align: center;\">Al-Majouka mit Pistazien ist eines der feinsten Backwaren und vor allem an Feiertagen beliebt<\/p>\n<h2 style=\"text-align: center;\">Arabische S\u00fc\u00dfigkeiten, S\u00fc\u00dfigkeiten, arabisches Ghee, Ghee, Pistazien, Aleppo, Eid, Angebot, Angebote<\/h2>\n<h2 style=\"text-align: center;\">Orientalische S\u00fc\u00dfigkeiten<\/h2>\n<p style=\"text-align: center;\">Arabisch s\u00fc\u00df<\/p>\n<p style=\"text-align: center;\">Aleppo pistachios<\/p>\n<p style=\"text-align: center;\">Pistazien, Zucker, Rosenwasser, Butter Ghee<\/p>\n<p style=\"text-align: center;\">\n","protected":false},"excerpt":{"rendered":"<p>Arabische S\u00fc\u00dfigkeiten, S\u00fc\u00dfigkeiten, arabisches Ghee, Ghee, Pistazien, Aleppo, Eid, Angebot, Angebote<\/p>\n","protected":false},"featured_media":31017,"template":"","meta":[],"product_brand":[],"product_cat":[72],"product_tag":[5873,5874,5875,5876,5877,5878,5879,5880],"class_list":{"0":"post-31288","1":"product","2":"type-product","3":"status-publish","4":"has-post-thumbnail","6":"product_cat-orientalische-susigkeiten","7":"product_tag--de","9":"product_tag---de","16":"first","17":"outofstock","18":"taxable","19":"shipping-taxable","20":"purchasable","21":"product-type-simple"},"_links":{"self":[{"href":"https:\/\/alepposhop.eu\/de\/wp-json\/wp\/v2\/product\/31288"}],"collection":[{"href":"https:\/\/alepposhop.eu\/de\/wp-json\/wp\/v2\/product"}],"about":[{"href":"https:\/\/alepposhop.eu\/de\/wp-json\/wp\/v2\/types\/product"}],"wp:featuredmedia":[{"embeddable":true,"href":"https:\/\/alepposhop.eu\/de\/wp-json\/wp\/v2\/media\/31017"}],"wp:attachment":[{"href":"https:\/\/alepposhop.eu\/de\/wp-json\/wp\/v2\/media?parent=31288"}],"wp:term":[{"taxonomy":"product_brand","embeddable":true,"href":"https:\/\/alepposhop.eu\/de\/wp-json\/wp\/v2\/product_brand?post=31288"},{"taxonomy":"product_cat","embeddable":true,"href":"https:\/\/alepposhop.eu\/de\/wp-json\/wp\/v2\/product_cat?post=31288"},{"taxonomy":"product_tag","embeddable":true,"href":"https:\/\/alepposhop.eu\/de\/wp-json\/wp\/v2\/product_tag?post=31288"}],"curies":[{"name":"wp","href":"https:\/\/api.w.org\/{rel}","templated":true}]}}