{"id":31292,"date":"2024-03-23T11:44:18","date_gmt":"2024-03-23T11:11:19","guid":{"rendered":"https:\/\/alepposhop.eu\/extra-rolle-raha-1-kg\/"},"modified":"2026-03-06T01:28:25","modified_gmt":"2026-03-06T00:28:25","slug":"extra-rolle-raha-1-kg","status":"publish","type":"product","link":"https:\/\/alepposhop.eu\/de\/extra-rolle-raha-1-kg\/","title":{"rendered":"Extra Rolle Raha 1 kg"},"content":{"rendered":"<p style=\"text-align: center\">Raha sind die k\u00f6stlichen S\u00fc\u00dfigkeiten, die seit langem ber\u00fchmt sind. Sie sind die S\u00fc\u00dfigkeiten der Vorfahren, die immer ein passendes Geschenk waren, das sie sich untereinander machten und das sie bei ihren gl\u00fccklichen Anl\u00e4ssen \u00fcberreichten.<\/p>\n<h2 style=\"text-align: center\">Raha, Lokom, Lukom, Lokum, Pistazien, Eid, Zucker, S\u00fc\u00dfigkeiten,<\/h2>\n<h2 style=\"text-align: center\">saisonale Angebote<\/h2>\n<p style=\"text-align: center\">Orientalische S\u00fc\u00dfigkeiten<\/p>\n<p style=\"text-align: center\">Aleppo Shop<\/p>\n<p style=\"text-align: center\">Pistazien, Zucker, St\u00e4rke, Rosenwasser, Mastix<\/p>\n<p style=\"text-align: center\">\n","protected":false},"excerpt":{"rendered":"<p>Raha, Lokom, Lukom, Lokum, Pistazien, Eid, Zucker, S\u00fc\u00dfigkeiten,<\/p>\n","protected":false},"featured_media":42332,"template":"","meta":[],"product_brand":[],"product_cat":[5845,2280],"product_tag":[3496],"class_list":{"0":"post-31292","1":"product","2":"type-product","3":"status-publish","4":"has-post-thumbnail","6":"product_cat-auktion","7":"product_cat-wochentliche-angebote","8":"product_tag-raha-de","10":"first","11":"instock","12":"sale","13":"taxable","14":"shipping-taxable","15":"purchasable","16":"product-type-simple"},"_links":{"self":[{"href":"https:\/\/alepposhop.eu\/de\/wp-json\/wp\/v2\/product\/31292"}],"collection":[{"href":"https:\/\/alepposhop.eu\/de\/wp-json\/wp\/v2\/product"}],"about":[{"href":"https:\/\/alepposhop.eu\/de\/wp-json\/wp\/v2\/types\/product"}],"wp:featuredmedia":[{"embeddable":true,"href":"https:\/\/alepposhop.eu\/de\/wp-json\/wp\/v2\/media\/42332"}],"wp:attachment":[{"href":"https:\/\/alepposhop.eu\/de\/wp-json\/wp\/v2\/media?parent=31292"}],"wp:term":[{"taxonomy":"product_brand","embeddable":true,"href":"https:\/\/alepposhop.eu\/de\/wp-json\/wp\/v2\/product_brand?post=31292"},{"taxonomy":"product_cat","embeddable":true,"href":"https:\/\/alepposhop.eu\/de\/wp-json\/wp\/v2\/product_cat?post=31292"},{"taxonomy":"product_tag","embeddable":true,"href":"https:\/\/alepposhop.eu\/de\/wp-json\/wp\/v2\/product_tag?post=31292"}],"curies":[{"name":"wp","href":"https:\/\/api.w.org\/{rel}","templated":true}]}}