{"id":31304,"date":"2024-03-23T11:44:18","date_gmt":"2024-03-23T11:11:19","guid":{"rendered":"https:\/\/alepposhop.eu\/extra-mann-und-salwa-pistazien-1kg\/"},"modified":"2024-04-15T01:00:06","modified_gmt":"2024-04-14T23:00:06","slug":"extra-mann-und-salwa-pistazien-1kg","status":"publish","type":"product","link":"https:\/\/alepposhop.eu\/de\/extra-mann-und-salwa-pistazien-1kg\/","title":{"rendered":"Extra Mann und Salwa Pistazien 1kg"},"content":{"rendered":"<p style=\"text-align: center;\">Mann und Salwa in einem wundersch\u00f6nen runden Nogha mit Kardamomgew\u00fcrz und Pistazien garniert<\/p>\n<h2 style=\"text-align: center;\">Kardamom, Pistazien, Eid, Zucker, S\u00fc\u00dfigkeiten, Gew\u00fcrze, Kardamom<\/h2>\n<h2 style=\"text-align: center;\">saisonale Angebote<\/h2>\n<p style=\"text-align: center;\">Orientalische S\u00fc\u00dfigkeiten<\/p>\n<p style=\"text-align: center;\">Aleppo Shop<\/p>\n<p style=\"text-align: center;\">Pistazien, St\u00e4rke, Zucker, Kardamom<\/p>\n<p style=\"text-align: center;\">\n","protected":false},"excerpt":{"rendered":"<p>Kardamom, Pistazien, Eid, Zucker, S\u00fc\u00dfigkeiten, Gew\u00fcrze, Kardamom<\/p>\n","protected":false},"featured_media":42339,"template":"","meta":[],"product_brand":[],"product_cat":[5845,2279,2280],"product_tag":[],"class_list":{"0":"post-31304","1":"product","2":"type-product","3":"status-publish","4":"has-post-thumbnail","6":"product_cat-auktion","7":"product_cat-saisonale-angebote","8":"product_cat-wochentliche-angebote","10":"first","11":"instock","12":"sale","13":"taxable","14":"shipping-taxable","15":"purchasable","16":"product-type-simple"},"_links":{"self":[{"href":"https:\/\/alepposhop.eu\/de\/wp-json\/wp\/v2\/product\/31304"}],"collection":[{"href":"https:\/\/alepposhop.eu\/de\/wp-json\/wp\/v2\/product"}],"about":[{"href":"https:\/\/alepposhop.eu\/de\/wp-json\/wp\/v2\/types\/product"}],"wp:featuredmedia":[{"embeddable":true,"href":"https:\/\/alepposhop.eu\/de\/wp-json\/wp\/v2\/media\/42339"}],"wp:attachment":[{"href":"https:\/\/alepposhop.eu\/de\/wp-json\/wp\/v2\/media?parent=31304"}],"wp:term":[{"taxonomy":"product_brand","embeddable":true,"href":"https:\/\/alepposhop.eu\/de\/wp-json\/wp\/v2\/product_brand?post=31304"},{"taxonomy":"product_cat","embeddable":true,"href":"https:\/\/alepposhop.eu\/de\/wp-json\/wp\/v2\/product_cat?post=31304"},{"taxonomy":"product_tag","embeddable":true,"href":"https:\/\/alepposhop.eu\/de\/wp-json\/wp\/v2\/product_tag?post=31304"}],"curies":[{"name":"wp","href":"https:\/\/api.w.org\/{rel}","templated":true}]}}