{"id":31308,"date":"2024-03-23T11:44:48","date_gmt":"2024-03-23T11:12:13","guid":{"rendered":"https:\/\/alepposhop.eu\/extra-arabische-suessigkeit-mit-pistazien-aleppo-pistazien-900g\/"},"modified":"2026-03-23T14:44:04","modified_gmt":"2026-03-23T13:44:04","slug":"extra-arabische-suessigkeit-mit-pistazien-aleppo-pistazien-1000g","status":"publish","type":"product","link":"https:\/\/alepposhop.eu\/de\/extra-arabische-suessigkeit-mit-pistazien-aleppo-pistazien-1000g\/","title":{"rendered":"Extra arabische S\u00fc\u00dfigkeit mit Pistazien (Aleppo-Pistazien) 1000g"},"content":{"rendered":"<p style=\"text-align: center\">S\u00fc\u00df mit arabischem Ghee und Pistazien, eine der feinsten und ber\u00fchmtesten Arten von Aleppo-S\u00fc\u00dfigkeiten<\/p>\n<h2 style=\"text-align: center\">Arabische S\u00fc\u00dfigkeiten, S\u00fc\u00dfigkeiten, arabisches Ghee, Ghee, Pistazien, Aleppo, Eid, Angebot, Angebote<\/h2>\n<h2 style=\"text-align: center\">saisonale Angebote<\/h2>\n<p style=\"text-align: center\">Arabisch s\u00fc\u00df<\/p>\n<p style=\"text-align: center\">Aleppo pistachios<\/p>\n<p style=\"text-align: center\">Pistazien, Zucker, St\u00e4rke, Rosenwasser, Mastix<\/p>\n<p style=\"text-align: center\">\n","protected":false},"excerpt":{"rendered":"<p>Arabische S\u00fc\u00dfigkeiten, S\u00fc\u00dfigkeiten, arabisches Ghee, Ghee, Pistazien, Aleppo, Eid, Angebot, Angebote<\/p>\n","protected":false},"featured_media":42307,"template":"","meta":[],"product_brand":[],"product_cat":[5845,72,2279,2280],"product_tag":[5873,5874,5875,5876,5877,5878,5879,5880],"class_list":{"0":"post-31308","1":"product","2":"type-product","3":"status-publish","4":"has-post-thumbnail","6":"product_cat-auktion","7":"product_cat-orientalische-susigkeiten","8":"product_cat-saisonale-angebote","9":"product_cat-wochentliche-angebote","10":"product_tag--de","12":"product_tag---de","19":"first","20":"outofstock","21":"sale","22":"taxable","23":"shipping-taxable","24":"purchasable","25":"product-type-simple"},"_links":{"self":[{"href":"https:\/\/alepposhop.eu\/de\/wp-json\/wp\/v2\/product\/31308"}],"collection":[{"href":"https:\/\/alepposhop.eu\/de\/wp-json\/wp\/v2\/product"}],"about":[{"href":"https:\/\/alepposhop.eu\/de\/wp-json\/wp\/v2\/types\/product"}],"wp:featuredmedia":[{"embeddable":true,"href":"https:\/\/alepposhop.eu\/de\/wp-json\/wp\/v2\/media\/42307"}],"wp:attachment":[{"href":"https:\/\/alepposhop.eu\/de\/wp-json\/wp\/v2\/media?parent=31308"}],"wp:term":[{"taxonomy":"product_brand","embeddable":true,"href":"https:\/\/alepposhop.eu\/de\/wp-json\/wp\/v2\/product_brand?post=31308"},{"taxonomy":"product_cat","embeddable":true,"href":"https:\/\/alepposhop.eu\/de\/wp-json\/wp\/v2\/product_cat?post=31308"},{"taxonomy":"product_tag","embeddable":true,"href":"https:\/\/alepposhop.eu\/de\/wp-json\/wp\/v2\/product_tag?post=31308"}],"curies":[{"name":"wp","href":"https:\/\/api.w.org\/{rel}","templated":true}]}}