{"id":31316,"date":"2024-03-23T11:44:48","date_gmt":"2024-03-23T11:12:13","guid":{"rendered":"https:\/\/alepposhop.eu\/griess-900-g\/"},"modified":"2024-04-15T01:00:06","modified_gmt":"2024-04-14T23:00:06","slug":"griess-900-g","status":"publish","type":"product","link":"https:\/\/alepposhop.eu\/de\/griess-900-g\/","title":{"rendered":"Grie\u00df 900 g"},"content":{"rendered":"<p style=\"text-align: center;\">Zerkleinerte Weizenk\u00f6rner zur Herstellung von S\u00fc\u00dfigkeiten, Mamoul und Mamounia<\/p>\n<h2 style=\"text-align: center;\">Grie\u00df, Fr\u00fchst\u00fcck, Mamounia, S\u00fc\u00dfigkeiten, s\u00fc\u00df, Urlaub, Angebote, Angebot<\/h2>\n<h2 style=\"text-align: center;\">saisonale Angebote<\/h2>\n<p style=\"text-align: center;\">Grie\u00df<\/p>\n<p style=\"text-align: center;\">beyoutna<\/p>\n<p style=\"text-align: center;\">Grie\u00df<\/p>\n<p style=\"text-align: center;\">\n","protected":false},"excerpt":{"rendered":"<p>Grie\u00df, Fr\u00fchst\u00fcck, Mamounia, S\u00fc\u00dfigkeiten, s\u00fc\u00df, Urlaub, Angebote, Angebot<\/p>\n","protected":false},"featured_media":31038,"template":"","meta":[],"product_brand":[],"product_cat":[2355],"product_tag":[3502,5482,5525],"class_list":{"0":"post-31316","1":"product","2":"type-product","3":"status-publish","4":"has-post-thumbnail","6":"product_cat-konserven","7":"product_tag-offers-de","8":"product_tag--de","11":"first","12":"outofstock","13":"taxable","14":"shipping-taxable","15":"purchasable","16":"product-type-simple"},"_links":{"self":[{"href":"https:\/\/alepposhop.eu\/de\/wp-json\/wp\/v2\/product\/31316"}],"collection":[{"href":"https:\/\/alepposhop.eu\/de\/wp-json\/wp\/v2\/product"}],"about":[{"href":"https:\/\/alepposhop.eu\/de\/wp-json\/wp\/v2\/types\/product"}],"wp:featuredmedia":[{"embeddable":true,"href":"https:\/\/alepposhop.eu\/de\/wp-json\/wp\/v2\/media\/31038"}],"wp:attachment":[{"href":"https:\/\/alepposhop.eu\/de\/wp-json\/wp\/v2\/media?parent=31316"}],"wp:term":[{"taxonomy":"product_brand","embeddable":true,"href":"https:\/\/alepposhop.eu\/de\/wp-json\/wp\/v2\/product_brand?post=31316"},{"taxonomy":"product_cat","embeddable":true,"href":"https:\/\/alepposhop.eu\/de\/wp-json\/wp\/v2\/product_cat?post=31316"},{"taxonomy":"product_tag","embeddable":true,"href":"https:\/\/alepposhop.eu\/de\/wp-json\/wp\/v2\/product_tag?post=31316"}],"curies":[{"name":"wp","href":"https:\/\/api.w.org\/{rel}","templated":true}]}}