{"id":31324,"date":"2024-03-23T11:44:48","date_gmt":"2024-03-23T11:12:13","guid":{"rendered":"https:\/\/alepposhop.eu\/nashid-bros-coconut-candy-swissral-1-kg\/"},"modified":"2026-03-15T13:25:18","modified_gmt":"2026-03-15T12:25:18","slug":"nashid-bros-coconut-candy-swissral-1-kg","status":"publish","type":"product","link":"https:\/\/alepposhop.eu\/de\/nashid-bros-coconut-candy-swissral-1-kg\/","title":{"rendered":"Nashid Bros Coconut Candy (Swissral) 1 kg"},"content":{"rendered":"<p style=\"text-align: center\">Die ber\u00fchmte und k\u00f6stliche S\u00fc\u00dfigkeit von Nashid Brothers, die sich durch ihren Kokosnussgeschmack auszeichnet<\/p>\n<h2 style=\"text-align: center\">Nashid, S\u00fc\u00dfigkeiten, Tropfen, Bonbons, S\u00fc\u00dfigkeiten, Eid, Ramadan, Angebot, Angebote<\/h2>\n<h2 style=\"text-align: center\">W\u00f6chentliche Angebote<\/h2>\n<p style=\"text-align: center\">S\u00fc\u00dfigkeiten<\/p>\n<p style=\"text-align: center\">Nashid Brothers<\/p>\n<p style=\"text-align: center\">Zucker, St\u00e4rke, Butter, Vanille, Sirup, Wasser, Kokosnuss<\/p>\n<p style=\"text-align: center\">\n","protected":false},"excerpt":{"rendered":"<p>Nashid, S\u00fc\u00dfigkeiten, Tropfen, Bonbons, S\u00fc\u00dfigkeiten, Eid, Ramadan, Angebot, Angebote<\/p>\n","protected":false},"featured_media":40785,"template":"","meta":[],"product_brand":[],"product_cat":[5845,2279,2280],"product_tag":[5497,5876,5879,5880,5890],"class_list":{"0":"post-31324","1":"product","2":"type-product","3":"status-publish","4":"has-post-thumbnail","6":"product_cat-auktion","7":"product_cat-saisonale-angebote","8":"product_cat-wochentliche-angebote","9":"product_tag--de","15":"first","16":"instock","17":"sale","18":"taxable","19":"shipping-taxable","20":"purchasable","21":"product-type-simple"},"_links":{"self":[{"href":"https:\/\/alepposhop.eu\/de\/wp-json\/wp\/v2\/product\/31324"}],"collection":[{"href":"https:\/\/alepposhop.eu\/de\/wp-json\/wp\/v2\/product"}],"about":[{"href":"https:\/\/alepposhop.eu\/de\/wp-json\/wp\/v2\/types\/product"}],"wp:featuredmedia":[{"embeddable":true,"href":"https:\/\/alepposhop.eu\/de\/wp-json\/wp\/v2\/media\/40785"}],"wp:attachment":[{"href":"https:\/\/alepposhop.eu\/de\/wp-json\/wp\/v2\/media?parent=31324"}],"wp:term":[{"taxonomy":"product_brand","embeddable":true,"href":"https:\/\/alepposhop.eu\/de\/wp-json\/wp\/v2\/product_brand?post=31324"},{"taxonomy":"product_cat","embeddable":true,"href":"https:\/\/alepposhop.eu\/de\/wp-json\/wp\/v2\/product_cat?post=31324"},{"taxonomy":"product_tag","embeddable":true,"href":"https:\/\/alepposhop.eu\/de\/wp-json\/wp\/v2\/product_tag?post=31324"}],"curies":[{"name":"wp","href":"https:\/\/api.w.org\/{rel}","templated":true}]}}