{"id":31328,"date":"2024-03-23T11:44:48","date_gmt":"2024-03-23T11:12:13","guid":{"rendered":"https:\/\/alepposhop.eu\/nashid-bros-tahini-candy-swissral-1-kg\/"},"modified":"2024-04-15T01:00:07","modified_gmt":"2024-04-14T23:00:07","slug":"nashid-bros-tahini-candy-swissral-1-kg","status":"publish","type":"product","link":"https:\/\/alepposhop.eu\/de\/nashid-bros-tahini-candy-swissral-1-kg\/","title":{"rendered":"Nashid Bros Tahini Candy (Swissral) 1 kg"},"content":{"rendered":"<p style=\"text-align: center;\">Die ber\u00fchmte und k\u00f6stliche S\u00fc\u00dfigkeit der Nashid Brothers, die sich durch ihren Tahini-Geschmack auszeichnet<\/p>\n<h2 style=\"text-align: center;\">Nashid, S\u00fc\u00dfigkeiten, Tropfen, Bonbons, S\u00fc\u00dfigkeiten, Eid, Ramadan, Angebot, Angebote<\/h2>\n<h2 style=\"text-align: center;\">W\u00f6chentliche Angebote<\/h2>\n<p style=\"text-align: center;\">S\u00fc\u00dfigkeiten<\/p>\n<p style=\"text-align: center;\">Nashid Brothers<\/p>\n<p style=\"text-align: center;\">Zucker, St\u00e4rke, Butter, Vanille, Sirup, Wasser, Tahini<\/p>\n<p style=\"text-align: center;\">\n","protected":false},"excerpt":{"rendered":"<p>Nashid, S\u00fc\u00dfigkeiten, Tropfen, Bonbons, S\u00fc\u00dfigkeiten, Eid, Ramadan, Angebot, Angebote<\/p>\n","protected":false},"featured_media":31047,"template":"","meta":[],"product_brand":[],"product_cat":[2280],"product_tag":[5497],"class_list":{"0":"post-31328","1":"product","2":"type-product","3":"status-publish","4":"has-post-thumbnail","6":"product_cat-wochentliche-angebote","7":"product_tag--de","9":"first","10":"outofstock","11":"taxable","12":"shipping-taxable","13":"purchasable","14":"product-type-simple"},"_links":{"self":[{"href":"https:\/\/alepposhop.eu\/de\/wp-json\/wp\/v2\/product\/31328"}],"collection":[{"href":"https:\/\/alepposhop.eu\/de\/wp-json\/wp\/v2\/product"}],"about":[{"href":"https:\/\/alepposhop.eu\/de\/wp-json\/wp\/v2\/types\/product"}],"wp:featuredmedia":[{"embeddable":true,"href":"https:\/\/alepposhop.eu\/de\/wp-json\/wp\/v2\/media\/31047"}],"wp:attachment":[{"href":"https:\/\/alepposhop.eu\/de\/wp-json\/wp\/v2\/media?parent=31328"}],"wp:term":[{"taxonomy":"product_brand","embeddable":true,"href":"https:\/\/alepposhop.eu\/de\/wp-json\/wp\/v2\/product_brand?post=31328"},{"taxonomy":"product_cat","embeddable":true,"href":"https:\/\/alepposhop.eu\/de\/wp-json\/wp\/v2\/product_cat?post=31328"},{"taxonomy":"product_tag","embeddable":true,"href":"https:\/\/alepposhop.eu\/de\/wp-json\/wp\/v2\/product_tag?post=31328"}],"curies":[{"name":"wp","href":"https:\/\/api.w.org\/{rel}","templated":true}]}}