{"id":31336,"date":"2024-03-23T11:44:48","date_gmt":"2024-03-23T11:12:13","guid":{"rendered":"https:\/\/alepposhop.eu\/nashid-brothers-swissral-gemischte-suessigkeiten-1-kg\/"},"modified":"2026-03-03T23:27:01","modified_gmt":"2026-03-03T22:27:01","slug":"nashid-brothers-swissral-gemischte-suessigkeiten-1-kg","status":"publish","type":"product","link":"https:\/\/alepposhop.eu\/de\/nashid-brothers-swissral-gemischte-suessigkeiten-1-kg\/","title":{"rendered":"Nashid Brothers \/ Swissral gemischte S\u00fc\u00dfigkeiten 1 kg"},"content":{"rendered":"<p style=\"text-align: center\">Die S\u00fc\u00dfigkeiten von Nashid Brothers sind ber\u00fchmt und k\u00f6stlich, mit unverwechselbaren Geschmacksrichtungen<\/p>\n<h2 style=\"text-align: center\">Nashid, S\u00fc\u00dfigkeiten, Tropfen, Bonbons, S\u00fc\u00dfigkeiten, Eid, Ramadan, Angebot, Angebote<\/h2>\n<h2 style=\"text-align: center\">W\u00f6chentliche Angebote<\/h2>\n<p style=\"text-align: center\">S\u00fc\u00dfigkeiten<\/p>\n<p style=\"text-align: center\">Nashid Brothers<\/p>\n<p style=\"text-align: center\">Zucker, St\u00e4rke, Butter, Vanille, Sirup, Wasser, Orangenaroma<\/p>\n<p style=\"text-align: center\">\n","protected":false},"excerpt":{"rendered":"<p>Nashid, S\u00fc\u00dfigkeiten, Tropfen, Bonbons, S\u00fc\u00dfigkeiten, Eid, Ramadan, Angebot, Angebote<\/p>\n","protected":false},"featured_media":31053,"template":"","meta":[],"product_brand":[],"product_cat":[5845,2279],"product_tag":[5497],"class_list":{"0":"post-31336","1":"product","2":"type-product","3":"status-publish","4":"has-post-thumbnail","6":"product_cat-auktion","7":"product_cat-saisonale-angebote","8":"product_tag--de","10":"first","11":"instock","12":"sale","13":"taxable","14":"shipping-taxable","15":"purchasable","16":"product-type-simple"},"_links":{"self":[{"href":"https:\/\/alepposhop.eu\/de\/wp-json\/wp\/v2\/product\/31336"}],"collection":[{"href":"https:\/\/alepposhop.eu\/de\/wp-json\/wp\/v2\/product"}],"about":[{"href":"https:\/\/alepposhop.eu\/de\/wp-json\/wp\/v2\/types\/product"}],"wp:featuredmedia":[{"embeddable":true,"href":"https:\/\/alepposhop.eu\/de\/wp-json\/wp\/v2\/media\/31053"}],"wp:attachment":[{"href":"https:\/\/alepposhop.eu\/de\/wp-json\/wp\/v2\/media?parent=31336"}],"wp:term":[{"taxonomy":"product_brand","embeddable":true,"href":"https:\/\/alepposhop.eu\/de\/wp-json\/wp\/v2\/product_brand?post=31336"},{"taxonomy":"product_cat","embeddable":true,"href":"https:\/\/alepposhop.eu\/de\/wp-json\/wp\/v2\/product_cat?post=31336"},{"taxonomy":"product_tag","embeddable":true,"href":"https:\/\/alepposhop.eu\/de\/wp-json\/wp\/v2\/product_tag?post=31336"}],"curies":[{"name":"wp","href":"https:\/\/api.w.org\/{rel}","templated":true}]}}