{"id":32292,"date":"2024-05-28T23:31:05","date_gmt":"2024-06-03T12:21:47","guid":{"rendered":"https:\/\/alepposhop.eu\/?post_type=product&#038;p=32292"},"modified":"2025-12-16T12:27:03","modified_gmt":"2025-12-16T11:27:03","slug":"royal-arabic-suesses-mit-pistazien-900-gr-fistik-halep","status":"publish","type":"product","link":"https:\/\/alepposhop.eu\/de\/royal-arabic-suesses-mit-pistazien-900-gr-fistik-halep\/","title":{"rendered":"Royal Arabic S\u00fc\u00dfes mit Pistazien 900 gr.(Fistik Halep)"},"content":{"rendered":"<p style=\"text-align: center\">900 gr<\/p>\n<p style=\"text-align: center\">(Mabruma, Baluriyah, Yabraqa, Asmalia)<\/p>\n<p style=\"text-align: center\">S\u00fc\u00df mit arabischem Ghee und Pistazien, eine der feinsten Arten von Aleppo-S\u00fc\u00dfigkeiten, hergestellt von der ber\u00fchmten Fistik Halep marke.<\/p>\n<p style=\"text-align: center\">Mit einem Gewicht von 900 Gramm der besten und k\u00f6stlichsten f\u00fcnf Arten arabischer S\u00fc\u00dfigkeiten, gef\u00fcllt mit k\u00f6stlichen Pistazien.<\/p>\n","protected":false},"excerpt":{"rendered":"<p>900 gr (Mabruma, Baluriyah, Yabraqa, Asmalia) S\u00fc\u00df mit arabischem Ghee und Pistazien, eine der feinsten Arten von Aleppo-S\u00fc\u00dfigkeiten, hergestellt von der ber\u00fchmten Fistik Halep marke. Mit einem Gewicht von 900 Gramm der besten und k\u00f6stlichsten f\u00fcnf Arten arabischer S\u00fc\u00dfigkeiten, gef\u00fcllt mit k\u00f6stlichen Pistazien.<\/p>\n","protected":false},"featured_media":32389,"template":"","meta":[],"product_brand":[],"product_cat":[72],"product_tag":[],"class_list":{"0":"post-32292","1":"product","2":"type-product","3":"status-publish","4":"has-post-thumbnail","6":"product_cat-orientalische-susigkeiten","8":"first","9":"outofstock","10":"taxable","11":"shipping-taxable","12":"purchasable","13":"product-type-simple"},"_links":{"self":[{"href":"https:\/\/alepposhop.eu\/de\/wp-json\/wp\/v2\/product\/32292"}],"collection":[{"href":"https:\/\/alepposhop.eu\/de\/wp-json\/wp\/v2\/product"}],"about":[{"href":"https:\/\/alepposhop.eu\/de\/wp-json\/wp\/v2\/types\/product"}],"wp:featuredmedia":[{"embeddable":true,"href":"https:\/\/alepposhop.eu\/de\/wp-json\/wp\/v2\/media\/32389"}],"wp:attachment":[{"href":"https:\/\/alepposhop.eu\/de\/wp-json\/wp\/v2\/media?parent=32292"}],"wp:term":[{"taxonomy":"product_brand","embeddable":true,"href":"https:\/\/alepposhop.eu\/de\/wp-json\/wp\/v2\/product_brand?post=32292"},{"taxonomy":"product_cat","embeddable":true,"href":"https:\/\/alepposhop.eu\/de\/wp-json\/wp\/v2\/product_cat?post=32292"},{"taxonomy":"product_tag","embeddable":true,"href":"https:\/\/alepposhop.eu\/de\/wp-json\/wp\/v2\/product_tag?post=32292"}],"curies":[{"name":"wp","href":"https:\/\/api.w.org\/{rel}","templated":true}]}}