{"id":32298,"date":"2024-06-03T00:27:32","date_gmt":"2024-06-03T12:17:16","guid":{"rendered":"https:\/\/alepposhop.eu\/?post_type=product&#038;p=32298"},"modified":"2024-07-09T11:28:12","modified_gmt":"2024-07-09T09:28:12","slug":"yabrak-arabisch-suesses-mit-pistazien-400-gr-fistik-halep","status":"publish","type":"product","link":"https:\/\/alepposhop.eu\/de\/yabrak-arabisch-suesses-mit-pistazien-400-gr-fistik-halep\/","title":{"rendered":"Yabrak Arabisch S\u00fc\u00dfes mit Pistazien 400 gr. ( Fistik Halep )"},"content":{"rendered":"<p style=\"text-align: center\">400 gr<\/p>\n<p style=\"text-align: center\">K\u00f6stliche S\u00fc\u00dfigkeit mit Aleppo-Pistazien als Yabrak Form und arabischem Ghee von der ber\u00fchmten Fistik Halep marke<\/p>\n","protected":false},"excerpt":{"rendered":"<p>400 gr K\u00f6stliche S\u00fc\u00dfigkeit mit Aleppo-Pistazien als Yabrak Form und arabischem Ghee von der ber\u00fchmten Fistik Halep marke<\/p>\n","protected":false},"featured_media":32364,"template":"","meta":[],"product_brand":[],"product_cat":[72],"product_tag":[],"class_list":{"0":"post-32298","1":"product","2":"type-product","3":"status-publish","4":"has-post-thumbnail","6":"product_cat-orientalische-susigkeiten","8":"first","9":"outofstock","10":"taxable","11":"shipping-taxable","12":"purchasable","13":"product-type-simple"},"_links":{"self":[{"href":"https:\/\/alepposhop.eu\/de\/wp-json\/wp\/v2\/product\/32298"}],"collection":[{"href":"https:\/\/alepposhop.eu\/de\/wp-json\/wp\/v2\/product"}],"about":[{"href":"https:\/\/alepposhop.eu\/de\/wp-json\/wp\/v2\/types\/product"}],"wp:featuredmedia":[{"embeddable":true,"href":"https:\/\/alepposhop.eu\/de\/wp-json\/wp\/v2\/media\/32364"}],"wp:attachment":[{"href":"https:\/\/alepposhop.eu\/de\/wp-json\/wp\/v2\/media?parent=32298"}],"wp:term":[{"taxonomy":"product_brand","embeddable":true,"href":"https:\/\/alepposhop.eu\/de\/wp-json\/wp\/v2\/product_brand?post=32298"},{"taxonomy":"product_cat","embeddable":true,"href":"https:\/\/alepposhop.eu\/de\/wp-json\/wp\/v2\/product_cat?post=32298"},{"taxonomy":"product_tag","embeddable":true,"href":"https:\/\/alepposhop.eu\/de\/wp-json\/wp\/v2\/product_tag?post=32298"}],"curies":[{"name":"wp","href":"https:\/\/api.w.org\/{rel}","templated":true}]}}