{"id":32301,"date":"2024-06-03T00:31:13","date_gmt":"2025-01-12T20:30:01","guid":{"rendered":"https:\/\/alepposhop.eu\/?post_type=product&#038;p=32301"},"modified":"2025-12-16T12:24:29","modified_gmt":"2025-12-16T11:24:29","slug":"griessmaamoul-mit-walnuss-fistik-halep","status":"publish","type":"product","link":"https:\/\/alepposhop.eu\/de\/griessmaamoul-mit-walnuss-fistik-halep\/","title":{"rendered":"Grie\u00dfmaamoul mit Walnuss (Fistik Halep)"},"content":{"rendered":"<p style=\"text-align: center\">500 gr<\/p>\n<p style=\"text-align: center\">Mit einheimischen Waln\u00fcssen gef\u00fcllte Grie\u00df-Maamoul-Tabletten, eines der feinsten und ber\u00fchmtesten Geb\u00e4cke w\u00e4hrend der Feiertage, von der ber\u00fchmten fistik Halep Marke .<\/p>\n","protected":false},"excerpt":{"rendered":"<p>500 gr Mit einheimischen Waln\u00fcssen gef\u00fcllte Grie\u00df-Maamoul-Tabletten, eines der feinsten und ber\u00fchmtesten Geb\u00e4cke w\u00e4hrend der Feiertage, von der ber\u00fchmten fistik Halep Marke .<\/p>\n","protected":false},"featured_media":32367,"template":"","meta":[],"product_brand":[],"product_cat":[72],"product_tag":[5533,5874,5875,5876,5879,5880],"class_list":{"0":"post-32301","1":"product","2":"type-product","3":"status-publish","4":"has-post-thumbnail","6":"product_cat-orientalische-susigkeiten","7":"product_tag--de","9":"product_tag---de","14":"first","15":"outofstock","16":"taxable","17":"shipping-taxable","18":"purchasable","19":"product-type-simple"},"_links":{"self":[{"href":"https:\/\/alepposhop.eu\/de\/wp-json\/wp\/v2\/product\/32301"}],"collection":[{"href":"https:\/\/alepposhop.eu\/de\/wp-json\/wp\/v2\/product"}],"about":[{"href":"https:\/\/alepposhop.eu\/de\/wp-json\/wp\/v2\/types\/product"}],"wp:featuredmedia":[{"embeddable":true,"href":"https:\/\/alepposhop.eu\/de\/wp-json\/wp\/v2\/media\/32367"}],"wp:attachment":[{"href":"https:\/\/alepposhop.eu\/de\/wp-json\/wp\/v2\/media?parent=32301"}],"wp:term":[{"taxonomy":"product_brand","embeddable":true,"href":"https:\/\/alepposhop.eu\/de\/wp-json\/wp\/v2\/product_brand?post=32301"},{"taxonomy":"product_cat","embeddable":true,"href":"https:\/\/alepposhop.eu\/de\/wp-json\/wp\/v2\/product_cat?post=32301"},{"taxonomy":"product_tag","embeddable":true,"href":"https:\/\/alepposhop.eu\/de\/wp-json\/wp\/v2\/product_tag?post=32301"}],"curies":[{"name":"wp","href":"https:\/\/api.w.org\/{rel}","templated":true}]}}