{"id":32306,"date":"2026-03-03T23:09:30","date_gmt":"2026-03-03T22:09:30","guid":{"rendered":"https:\/\/alepposhop.eu\/?post_type=product&#038;p=32306"},"modified":"2026-03-09T20:58:38","modified_gmt":"2026-03-09T19:58:38","slug":"salziges-petitfour-fistik-halep","status":"publish","type":"product","link":"https:\/\/alepposhop.eu\/de\/salziges-petitfour-fistik-halep\/","title":{"rendered":"Salziges Petitfour (Fistik Halep)"},"content":{"rendered":"<p style=\"text-align: center\">500 gr<\/p>\n<p style=\"text-align: center\">Salzige Petit Fours der Fistik Halep Marke, eines der ber\u00fchmtesten Salzgeb\u00e4cke, aromatisiert mit unverwechselbaren Gew\u00fcrzen und schwarzenk\u00fcmmel .<\/p>\n","protected":false},"excerpt":{"rendered":"<p>500 gr Salzige Petit Fours der Fistik Halep Marke, eines der ber\u00fchmtesten Salzgeb\u00e4cke, aromatisiert mit unverwechselbaren Gew\u00fcrzen und schwarzenk\u00fcmmel .<\/p>\n","protected":false},"featured_media":32370,"template":"","meta":[],"product_brand":[],"product_cat":[72],"product_tag":[5874,5875,5876,5879,5880],"class_list":{"0":"post-32306","1":"product","2":"type-product","3":"status-publish","4":"has-post-thumbnail","6":"product_cat-orientalische-susigkeiten","7":"product_tag--de","8":"product_tag---de","13":"first","14":"outofstock","15":"taxable","16":"shipping-taxable","17":"purchasable","18":"product-type-simple"},"_links":{"self":[{"href":"https:\/\/alepposhop.eu\/de\/wp-json\/wp\/v2\/product\/32306"}],"collection":[{"href":"https:\/\/alepposhop.eu\/de\/wp-json\/wp\/v2\/product"}],"about":[{"href":"https:\/\/alepposhop.eu\/de\/wp-json\/wp\/v2\/types\/product"}],"wp:featuredmedia":[{"embeddable":true,"href":"https:\/\/alepposhop.eu\/de\/wp-json\/wp\/v2\/media\/32370"}],"wp:attachment":[{"href":"https:\/\/alepposhop.eu\/de\/wp-json\/wp\/v2\/media?parent=32306"}],"wp:term":[{"taxonomy":"product_brand","embeddable":true,"href":"https:\/\/alepposhop.eu\/de\/wp-json\/wp\/v2\/product_brand?post=32306"},{"taxonomy":"product_cat","embeddable":true,"href":"https:\/\/alepposhop.eu\/de\/wp-json\/wp\/v2\/product_cat?post=32306"},{"taxonomy":"product_tag","embeddable":true,"href":"https:\/\/alepposhop.eu\/de\/wp-json\/wp\/v2\/product_tag?post=32306"}],"curies":[{"name":"wp","href":"https:\/\/api.w.org\/{rel}","templated":true}]}}