{"id":32309,"date":"2024-06-03T00:57:07","date_gmt":"2024-06-03T12:13:53","guid":{"rendered":"https:\/\/alepposhop.eu\/?post_type=product&#038;p=32309"},"modified":"2026-03-19T01:38:02","modified_gmt":"2026-03-19T00:38:02","slug":"gemischtes-mehl-maamoul-shamiya-500gr-fistik-halep","status":"publish","type":"product","link":"https:\/\/alepposhop.eu\/de\/gemischtes-mehl-maamoul-shamiya-500gr-fistik-halep\/","title":{"rendered":"Gemischtes Mehl Maamoul Shamiya 600 gr. (Fistik Halep)"},"content":{"rendered":"<p style=\"text-align: center\">600 gr<\/p>\n<p style=\"text-align: center\">Maamoul mit arabischem Ghee und feinem Mehl, gef\u00fcllt mit verschiedenen Arten k\u00f6stlicher N\u00fcsse aus feinstem Geb\u00e4ck der ber\u00fchmten Fistik Halep Marke.<\/p>\n","protected":false},"excerpt":{"rendered":"<p>600 gr Maamoul mit arabischem Ghee und feinem Mehl, gef\u00fcllt mit verschiedenen Arten k\u00f6stlicher N\u00fcsse aus feinstem Geb\u00e4ck der ber\u00fchmten Fistik Halep Marke.<\/p>\n","protected":false},"featured_media":32382,"template":"","meta":[],"product_brand":[],"product_cat":[72],"product_tag":[5873,5874,5875,5876,5877,5879,5880],"class_list":{"0":"post-32309","1":"product","2":"type-product","3":"status-publish","4":"has-post-thumbnail","6":"product_cat-orientalische-susigkeiten","7":"product_tag--de","9":"product_tag---de","15":"first","16":"instock","17":"taxable","18":"shipping-taxable","19":"purchasable","20":"product-type-simple"},"_links":{"self":[{"href":"https:\/\/alepposhop.eu\/de\/wp-json\/wp\/v2\/product\/32309"}],"collection":[{"href":"https:\/\/alepposhop.eu\/de\/wp-json\/wp\/v2\/product"}],"about":[{"href":"https:\/\/alepposhop.eu\/de\/wp-json\/wp\/v2\/types\/product"}],"wp:featuredmedia":[{"embeddable":true,"href":"https:\/\/alepposhop.eu\/de\/wp-json\/wp\/v2\/media\/32382"}],"wp:attachment":[{"href":"https:\/\/alepposhop.eu\/de\/wp-json\/wp\/v2\/media?parent=32309"}],"wp:term":[{"taxonomy":"product_brand","embeddable":true,"href":"https:\/\/alepposhop.eu\/de\/wp-json\/wp\/v2\/product_brand?post=32309"},{"taxonomy":"product_cat","embeddable":true,"href":"https:\/\/alepposhop.eu\/de\/wp-json\/wp\/v2\/product_cat?post=32309"},{"taxonomy":"product_tag","embeddable":true,"href":"https:\/\/alepposhop.eu\/de\/wp-json\/wp\/v2\/product_tag?post=32309"}],"curies":[{"name":"wp","href":"https:\/\/api.w.org\/{rel}","templated":true}]}}