{"id":34222,"date":"2024-11-19T02:18:07","date_gmt":"2024-11-19T01:18:07","guid":{"rendered":"https:\/\/alepposhop.eu\/geroesteter-maisketchup-geschmack\/"},"modified":"2025-01-31T12:48:15","modified_gmt":"2025-01-31T11:48:15","slug":"geroesteter-maisketchup-geschmack","status":"publish","type":"product","link":"https:\/\/alepposhop.eu\/de\/geroesteter-maisketchup-geschmack\/","title":{"rendered":"Ger\u00f6steter Mais (Ketchup)"},"content":{"rendered":"<p style=\"text-align: center\">Gewicht: 250 g<\/p>\n<p style=\"text-align: center\">Knusprig ger\u00f6stete, gesalzene und mit Ketchup gew\u00fcrzte Maisk\u00f6rner<\/p>\n","protected":false},"excerpt":{"rendered":"<p>Gewicht: 250 g Knusprig ger\u00f6stete, gesalzene und mit Ketchup gew\u00fcrzte Maisk\u00f6rner<\/p>\n","protected":false},"featured_media":34219,"template":"","meta":[],"product_brand":[],"product_cat":[71],"product_tag":[],"class_list":{"0":"post-34222","1":"product","2":"type-product","3":"status-publish","4":"has-post-thumbnail","6":"product_cat-nusse-und-samen","8":"first","9":"instock","10":"taxable","11":"shipping-taxable","12":"purchasable","13":"product-type-simple"},"_links":{"self":[{"href":"https:\/\/alepposhop.eu\/de\/wp-json\/wp\/v2\/product\/34222"}],"collection":[{"href":"https:\/\/alepposhop.eu\/de\/wp-json\/wp\/v2\/product"}],"about":[{"href":"https:\/\/alepposhop.eu\/de\/wp-json\/wp\/v2\/types\/product"}],"wp:featuredmedia":[{"embeddable":true,"href":"https:\/\/alepposhop.eu\/de\/wp-json\/wp\/v2\/media\/34219"}],"wp:attachment":[{"href":"https:\/\/alepposhop.eu\/de\/wp-json\/wp\/v2\/media?parent=34222"}],"wp:term":[{"taxonomy":"product_brand","embeddable":true,"href":"https:\/\/alepposhop.eu\/de\/wp-json\/wp\/v2\/product_brand?post=34222"},{"taxonomy":"product_cat","embeddable":true,"href":"https:\/\/alepposhop.eu\/de\/wp-json\/wp\/v2\/product_cat?post=34222"},{"taxonomy":"product_tag","embeddable":true,"href":"https:\/\/alepposhop.eu\/de\/wp-json\/wp\/v2\/product_tag?post=34222"}],"curies":[{"name":"wp","href":"https:\/\/api.w.org\/{rel}","templated":true}]}}